{"id":3815,"date":"2013-08-19T17:08:12","date_gmt":"2013-08-19T17:08:12","guid":{"rendered":"http:\/\/theme-fusion.com\/avadaxml\/?page_id=3815"},"modified":"2019-04-29T08:40:06","modified_gmt":"2019-04-29T06:40:06","slug":"home-page-17","status":"publish","type":"page","link":"https:\/\/systemhaus-rheine.de\/wp1\/","title":{"rendered":"Startseite"},"content":{"rendered":"<div class=\"fusion-fullwidth fullwidth-box fusion-builder-row-1 hundred-percent-fullwidth non-hundred-percent-height-scrolling\" style=\"--awb-border-radius-top-left:0px;--awb-border-radius-top-right:0px;--awb-border-radius-bottom-right:0px;--awb-border-radius-bottom-left:0px;--awb-overflow:visible;--awb-padding-right:40px;--awb-padding-left:40px;--awb-flex-wrap:wrap;\" ><div class=\"fusion-builder-row fusion-row\"><div class=\"fusion-layout-column fusion_builder_column fusion-builder-column-0 fusion_builder_column_1_1 1_1 fusion-one-full fusion-column-first fusion-column-last fusion-column-no-min-height\" style=\"--awb-bg-size:cover;--awb-margin-bottom:0px;\"><div class=\"fusion-column-wrapper fusion-flex-column-wrapper-legacy\"><div class=\"fusion-text fusion-text-1\"><h1 style=\"text-align: center;\"><strong>InSystem<\/strong>\u00a0&#8211; Ihr Systemhaus in Rheine<\/h1>\n<\/div><div class=\"fusion-clearfix\"><\/div><\/div><\/div><div class=\"fusion-layout-column fusion_builder_column fusion-builder-column-1 fusion_builder_column_3_4 3_4 fusion-three-fourth fusion-column-first\" style=\"--awb-bg-size:cover;width:74%; margin-right: 4%;\"><div class=\"fusion-column-wrapper fusion-flex-column-wrapper-legacy\"><div class=\"fusion-tabs fusion-tabs-1 classic nav-is-justified horizontal-tabs icon-position-left mobile-mode-accordion\" style=\"--awb-title-border-radius-top-left:0px;--awb-title-border-radius-top-right:0px;--awb-title-border-radius-bottom-right:0px;--awb-title-border-radius-bottom-left:0px;--awb-inactive-color:#ebeaea;--awb-background-color:#ffffff;--awb-border-color:#ebeaea;--awb-active-border-color:#e11a2d;\"><div class=\"nav\"><ul class=\"nav-tabs nav-justified\" role=\"tablist\" aria-orientation=\"horizontal\"><li class=\"active\" role=\"presentation\"><a class=\"tab-link\" data-toggle=\"tab\" role=\"tab\" aria-controls=\"tab-55e8c9762e19c116593\" aria-selected=\"true\" tabindex=\"0\" id=\"fusion-tab-55e8c9762e19c116593\" href=\"#tab-55e8c9762e19c116593\"><h4 class=\"fusion-tab-heading\">IT-Service<\/h4><\/a><\/li><li  role=\"presentation\"><a class=\"tab-link\" data-toggle=\"tab\" role=\"tab\" aria-controls=\"tab-1f6589eeb38143f46cd\" aria-selected=\"false\" tabindex=\"-1\" id=\"fusion-tab-1f6589eeb38143f46cd\" href=\"#tab-1f6589eeb38143f46cd\"><h4 class=\"fusion-tab-heading\">IT-Beschaffung<\/h4><\/a><\/li><li  role=\"presentation\"><a class=\"tab-link\" data-toggle=\"tab\" role=\"tab\" aria-controls=\"tab-59cdbcbcf9958b12e46\" aria-selected=\"false\" tabindex=\"-1\" id=\"fusion-tab-59cdbcbcf9958b12e46\" href=\"#tab-59cdbcbcf9958b12e46\"><h4 class=\"fusion-tab-heading\">Telekommunikation<\/h4><\/a><\/li><li  role=\"presentation\"><a class=\"tab-link\" data-toggle=\"tab\" role=\"tab\" aria-controls=\"tab-42ca2e6b7579982a3ef\" aria-selected=\"false\" tabindex=\"-1\" id=\"fusion-tab-42ca2e6b7579982a3ef\" href=\"#tab-42ca2e6b7579982a3ef\"><h4 class=\"fusion-tab-heading\">IT-L\u00f6sungen<\/h4><\/a><\/li><\/ul><\/div><div class=\"tab-content\"><div class=\"nav fusion-mobile-tab-nav\"><ul class=\"nav-tabs nav-justified\" role=\"tablist\" aria-orientation=\"horizontal\"><li class=\"active\" role=\"presentation\"><a class=\"tab-link\" data-toggle=\"tab\" role=\"tab\" aria-controls=\"tab-55e8c9762e19c116593\" aria-selected=\"true\" tabindex=\"0\" id=\"mobile-fusion-tab-55e8c9762e19c116593\" href=\"#tab-55e8c9762e19c116593\"><h4 class=\"fusion-tab-heading\">IT-Service<\/h4><\/a><\/li><\/ul><\/div><div class=\"tab-pane fade fusion-clearfix in active\" role=\"tabpanel\" tabindex=\"0\" aria-labelledby=\"fusion-tab-55e8c9762e19c116593\" id=\"tab-55e8c9762e19c116593\"><img decoding=\"async\" class=\"alignleft wp-image-12545\" src=\"http:\/\/www.systemhaus-rheine.de\/wp1\/wp-content\/uploads\/2013\/08\/IT-Service-Server-Laptop-Systemhaus-Rheine-600x940-191x300.jpg\" alt=\"IT Service von InSystem - Ihr Systemhaus in Rheine\" width=\"200\" height=\"314\" srcset=\"https:\/\/systemhaus-rheine.de\/wp1\/wp-content\/uploads\/2013\/08\/IT-Service-Server-Laptop-Systemhaus-Rheine-600x940-191x300.jpg 191w, https:\/\/systemhaus-rheine.de\/wp1\/wp-content\/uploads\/2013\/08\/IT-Service-Server-Laptop-Systemhaus-Rheine-600x940.jpg 600w\" sizes=\"(max-width: 200px) 100vw, 200px\" \/>InSystem bietet Ihnen den<span class=\"hervorhebung\"> kompletten IT-Service<\/span>, den Sie f\u00fcr Ihr Unternehmen und Ihre IT-Infrastruktur ben\u00f6tigen.<\/p>\n<p>Wir erfassen den Ist-Zustand Ihres Netzwerkes, analysieren die Ergebnisse und geben fundierte Empfehlungen f\u00fcr den<span class=\"hervorhebung\"> professionellen IT-Betrieb<\/span>. Wir planen im Rahmen unseres IT-Consultings Ihr Netzwerk, helfen Ihnen bei der Auswahl der Software, die zu Ihnen passt und Ihre Arbeit abbildet.<br \/>\nUnser Team erarbeitet durchdachte Konzepte f\u00fcr Ihre IT-Hardware und k\u00fcmmert sich um die Hardware-Beschaffung.<div class=\"fusion-button-wrapper fusion-alignleft\"><a class=\"fusion-button button-flat fusion-button-default-size button-default fusion-button-default button-1 fusion-button-default-span fusion-button-default-type\" target=\"_self\" title=\"IT-Service\" aria-label=\"IT-Service\" href=\"http:\/\/www.systemhaus-rheine.de\/wp1\/it-service\/\"><span class=\"fusion-button-text awb-button__text awb-button__text--default\">Erfahren Sie mehr \u00fcber unsere professionelle \u00a0IT Betreuung<\/span><\/a><\/div>\n<div class=\"fusion-sep-clear\"><\/div><div class=\"fusion-separator fusion-full-width-sep\" style=\"margin-left: auto;margin-right: auto;margin-top:0px;margin-bottom:0px;width:100%;\"><\/div><div class=\"fusion-sep-clear\"><\/div><\/div><div class=\"nav fusion-mobile-tab-nav\"><ul class=\"nav-tabs nav-justified\" role=\"tablist\" aria-orientation=\"horizontal\"><li  role=\"presentation\"><a class=\"tab-link\" data-toggle=\"tab\" role=\"tab\" aria-controls=\"tab-1f6589eeb38143f46cd\" aria-selected=\"false\" tabindex=\"-1\" id=\"mobile-fusion-tab-1f6589eeb38143f46cd\" href=\"#tab-1f6589eeb38143f46cd\"><h4 class=\"fusion-tab-heading\">IT-Beschaffung<\/h4><\/a><\/li><\/ul><\/div><div class=\"tab-pane fade fusion-clearfix\" role=\"tabpanel\" tabindex=\"0\" aria-labelledby=\"fusion-tab-1f6589eeb38143f46cd\" id=\"tab-1f6589eeb38143f46cd\"><img decoding=\"async\" class=\"alignleft wp-image-12602\" src=\"http:\/\/www.systemhaus-rheine.de\/wp1\/wp-content\/uploads\/2013\/08\/IT-Beschaffung-Uhrwerk-Systemhaus-Rheine-600x940-191x300.jpg\" alt=\"IT Service von InSystem - Ihr Systemhaus in Rheine\" width=\"200\" height=\"314\" srcset=\"https:\/\/systemhaus-rheine.de\/wp1\/wp-content\/uploads\/2013\/08\/IT-Beschaffung-Uhrwerk-Systemhaus-Rheine-600x940-191x300.jpg 191w, https:\/\/systemhaus-rheine.de\/wp1\/wp-content\/uploads\/2013\/08\/IT-Beschaffung-Uhrwerk-Systemhaus-Rheine-600x940.jpg 600w\" sizes=\"(max-width: 200px) 100vw, 200px\" \/>In enger Zusammenarbeit mit unseren Distributoren unterst\u00fctzen wir Sie tatkr\u00e4ftig und flexibel bei der Wahl und Inbetriebnahme Ihrer IT-L\u00f6sungen. Dank unserem <span class=\"hervorhebung\">Fachwissen<\/span> bekommen Sie aufeinander abgestimmte Hard- und Software <span class=\"hervorhebung\">aus einer Hand<\/span>.<\/p>\n<p>Als Partner namhafter Hersteller wie Fujitsu, Dell oder Microsoft punkten wir mit <span class=\"hervorhebung\">fairen Konditionen<\/span> und <span class=\"hervorhebung\">schneller Beschaffung<\/span>.<\/p>\n<p>Nat\u00fcrlich stehen wir Ihnen auch bei der Beschaffung von EDV-Komponenten anderer Hersteller kompetent zur Seite.<\/p>\n<div class=\"fusion-button-wrapper fusion-alignleft\"><a class=\"fusion-button button-flat fusion-button-default-size button-default fusion-button-default button-2 fusion-button-default-span fusion-button-default-type\" target=\"_self\" title=\"Hardware\" aria-label=\"Hardware\" href=\"http:\/\/www.systemhaus-rheine.de\/wp1\/hardware\/\"><span class=\"fusion-button-text awb-button__text awb-button__text--default\">Hardware<\/span><\/a><\/div><div class=\"fusion-button-wrapper fusion-alignleft\"><a class=\"fusion-button button-flat fusion-button-default-size button-default fusion-button-default button-3 fusion-button-default-span fusion-button-default-type\" target=\"_self\" title=\"Software\" aria-label=\"Software\" href=\"http:\/\/www.systemhaus-rheine.de\/wp1\/software\/\"><span class=\"fusion-button-text awb-button__text awb-button__text--default\">Software<\/span><\/a><\/div><div class=\"fusion-sep-clear\"><\/div><div class=\"fusion-separator fusion-full-width-sep\" style=\"margin-left: auto;margin-right: auto;margin-top:0px;margin-bottom:0px;width:100%;\"><\/div><div class=\"fusion-sep-clear\"><\/div><\/div><div class=\"nav fusion-mobile-tab-nav\"><ul class=\"nav-tabs nav-justified\" role=\"tablist\" aria-orientation=\"horizontal\"><li  role=\"presentation\"><a class=\"tab-link\" data-toggle=\"tab\" role=\"tab\" aria-controls=\"tab-59cdbcbcf9958b12e46\" aria-selected=\"false\" tabindex=\"-1\" id=\"mobile-fusion-tab-59cdbcbcf9958b12e46\" href=\"#tab-59cdbcbcf9958b12e46\"><h4 class=\"fusion-tab-heading\">Telekommunikation<\/h4><\/a><\/li><\/ul><\/div><div class=\"tab-pane fade fusion-clearfix\" role=\"tabpanel\" tabindex=\"0\" aria-labelledby=\"fusion-tab-59cdbcbcf9958b12e46\" id=\"tab-59cdbcbcf9958b12e46\"><img decoding=\"async\" class=\"alignleft wp-image-12604\" src=\"http:\/\/www.systemhaus-rheine.de\/wp1\/wp-content\/uploads\/2013\/08\/Telekommunikation-Telefon-VoIP-Systemhaus-Rheine-600x940-191x300.jpg\" alt=\"IT Service von InSystem - Ihr Systemhaus in Rheine\" width=\"200\" height=\"314\" srcset=\"https:\/\/systemhaus-rheine.de\/wp1\/wp-content\/uploads\/2013\/08\/Telekommunikation-Telefon-VoIP-Systemhaus-Rheine-600x940-191x300.jpg 191w, https:\/\/systemhaus-rheine.de\/wp1\/wp-content\/uploads\/2013\/08\/Telekommunikation-Telefon-VoIP-Systemhaus-Rheine-600x940.jpg 600w\" sizes=\"(max-width: 200px) 100vw, 200px\" \/>Ob Mobilfunk, Telefonie, VoIP oder Internetzugang &#8211; Wir r\u00fcsten Ihre Infrastruktur f\u00fcr die Zukunft.<\/p>\n<p>Dabei setzen wir auf <span class=\"hervorhebung\">bew\u00e4hrte Kommunikationsl\u00f6sungen<\/span> unserer Partner wie Agfeo, Bintec Elmeg oder Auerswald. Informieren Sie sich \u00fcber unsere <span class=\"hervorhebung\">attraktiven Angebote<\/span> im Bereich Telekommunikation und entdecken Sie das <span class=\"hervorhebung\">Sparpotential<\/span>. Wir \u00fcbernehmen die Erweiterung Ihrer bestehenden Telefonanlage und unterst\u00fctzen Sie mit umfassender <span class=\"hervorhebung\">Beratung und Bereitstellung<\/span> von Festnetz- und Internetanschl\u00fcssen im Gesch\u00e4ftskundenbereich, Standortvernetzung und mobiler Anbindung Ihrer Au\u00dfendienstmitarbeiter.<\/p>\n<p>Mit der Integration der Telefondienste in Ihre Softwareumgebung sind Journale, Kontaktverwaltung und Anrufzuweisung nur einen Mausklick entfernt.<\/p>\n<div class=\"fusion-button-wrapper fusion-alignleft\"><a class=\"fusion-button button-flat fusion-button-default-size button-default fusion-button-default button-4 fusion-button-default-span fusion-button-default-type\" target=\"_self\" title=\"Telekommunikation\" aria-label=\"Telekommunikation\" href=\"http:\/\/www.systemhaus-rheine.de\/wp1\/telekommunikation\/\"><span class=\"fusion-button-text awb-button__text awb-button__text--default\">Lassen Sie sich beraten und finden so Ihre passende Telefonanlage<\/span><\/a><\/div><div class=\"fusion-sep-clear\"><\/div><div class=\"fusion-separator fusion-full-width-sep\" style=\"margin-left: auto;margin-right: auto;margin-top:0px;margin-bottom:0px;width:100%;\"><\/div><div class=\"fusion-sep-clear\"><\/div><\/div><div class=\"nav fusion-mobile-tab-nav\"><ul class=\"nav-tabs nav-justified\" role=\"tablist\" aria-orientation=\"horizontal\"><li  role=\"presentation\"><a class=\"tab-link\" data-toggle=\"tab\" role=\"tab\" aria-controls=\"tab-42ca2e6b7579982a3ef\" aria-selected=\"false\" tabindex=\"-1\" id=\"mobile-fusion-tab-42ca2e6b7579982a3ef\" href=\"#tab-42ca2e6b7579982a3ef\"><h4 class=\"fusion-tab-heading\">IT-L\u00f6sungen<\/h4><\/a><\/li><\/ul><\/div><div class=\"tab-pane fade fusion-clearfix\" role=\"tabpanel\" tabindex=\"0\" aria-labelledby=\"fusion-tab-42ca2e6b7579982a3ef\" id=\"tab-42ca2e6b7579982a3ef\"><img decoding=\"async\" class=\"alignleft wp-image-12609\" src=\"http:\/\/www.systemhaus-rheine.de\/wp1\/wp-content\/uploads\/2015\/02\/IT-L\u00f6sungen-InSystem-Systenhaus-Rheine-200x314.png\" alt=\"IT Service von InSystem - Ihr Systemhaus in Rheine\" width=\"200\" height=\"314\" \/>Individuelle L\u00f6sungen, auf Sie zugeschnitten.<\/p>\n<p>Als professioneller IT-Dienstleister bieten wir Ihnen L\u00f6sungen, die sich an Ihrem Bedarf orientieren und Ihre Arbeitsproduktivit\u00e4t steigern.<\/p>\n<p>Durch unsere langj\u00e4hrige Erfahrung\u00a0und ausgezeichnete Vernetzung unterst\u00fctzen wir Sie bei der Durchf\u00fchrung von Projekten und stellen dabei Ihre W\u00fcnsche und Anforderungen in den Mittelpunkt.<\/p>\n<p>Unser Ziel ist die Errichtung einer IT-Infrastruktur, die zu Ihrem Unternehmen passt und dadurch Ihre t\u00e4glichen Arbeitsprozesse unterst\u00fctzt.<\/p>\n<div class=\"fusion-button-wrapper fusion-alignleft\"><a class=\"fusion-button button-flat fusion-button-default-size button-default fusion-button-default button-5 fusion-button-default-span fusion-button-default-type\" target=\"_self\" title=\"IT Systemhaus Rheine L\u00f6sungen\" aria-label=\"IT Systemhaus Rheine L\u00f6sungen\" href=\"http:\/\/www.systemhaus-rheine.de\/wp1\/it-loesungen\/\"><span class=\"fusion-button-text awb-button__text awb-button__text--default\">Erfahren Sie mehr \u00fcber unsere L\u00f6sungen<\/span><\/a><\/div><div class=\"fusion-sep-clear\"><\/div><div class=\"fusion-separator fusion-full-width-sep\" style=\"margin-left: auto;margin-right: auto;margin-top:0px;margin-bottom:0px;width:100%;\"><\/div><div class=\"fusion-sep-clear\"><\/div><\/div><\/div><\/div><div class=\"fusion-clearfix\"><\/div><\/div><\/div><div class=\"fusion-layout-column fusion_builder_column fusion-builder-column-2 fusion_builder_column_1_4 1_4 fusion-one-fourth fusion-column-last\" style=\"--awb-bg-size:cover;width:22%;\"><div class=\"fusion-column-wrapper fusion-flex-column-wrapper-legacy\"><div class=\"fusion-text fusion-text-2\"><div class=\"su-box su-box-style-default\" id=\"\" style=\"border-color:#ae0000;border-radius:3px;max-width:none\"><div class=\"su-box-title\" style=\"background-color:#E11A2D;color:#FFFFFF;border-top-left-radius:1px;border-top-right-radius:1px\">IT-Tipps<\/div><div class=\"su-box-content su-u-clearfix su-u-trim\" style=\"border-bottom-left-radius:1px;border-bottom-right-radius:1px\"><div class=\"fusion-recent-posts fusion-recent-posts-1 avada-container layout-default layout-columns-1\"><section class=\"fusion-columns columns fusion-columns-1 columns-1\"><article class=\"post fusion-column column col col-lg-12 col-md-12 col-sm-12\"><div class=\"recent-posts-content\"><span class=\"vcard\" style=\"display: none;\"><span class=\"fn\"><a href=\"https:\/\/systemhaus-rheine.de\/wp1\/author\/wp_admin\/\" title=\"Beitr\u00e4ge von wp_admin\" rel=\"author\">wp_admin<\/a><\/span><\/span><span class=\"updated\" style=\"display:none;\">2023-04-15T16:47:48+02:00<\/span><h4 class=\"entry-title\"><a href=\"https:\/\/systemhaus-rheine.de\/wp1\/autonome-e-trucks-eine-transport-revolution\/\">Autonome E-Trucks \u2013 Eine Transport-Revolution?<\/a><\/h4><\/div><\/article><article class=\"post fusion-column column col col-lg-12 col-md-12 col-sm-12\"><div class=\"recent-posts-content\"><span class=\"vcard\" style=\"display: none;\"><span class=\"fn\"><a href=\"https:\/\/systemhaus-rheine.de\/wp1\/author\/wp_admin\/\" title=\"Beitr\u00e4ge von wp_admin\" rel=\"author\">wp_admin<\/a><\/span><\/span><span class=\"updated\" style=\"display:none;\">2023-04-15T16:55:34+02:00<\/span><h4 class=\"entry-title\"><a href=\"https:\/\/systemhaus-rheine.de\/wp1\/sind-windows-updates-wirklich-wichtig\/\">Sind Windows-Updates wirklich wichtig?<\/a><\/h4><\/div><\/article><article class=\"post fusion-column column col col-lg-12 col-md-12 col-sm-12\"><div class=\"recent-posts-content\"><span class=\"vcard\" style=\"display: none;\"><span class=\"fn\"><a href=\"https:\/\/systemhaus-rheine.de\/wp1\/author\/wp_admin\/\" title=\"Beitr\u00e4ge von wp_admin\" rel=\"author\">wp_admin<\/a><\/span><\/span><span class=\"updated\" style=\"display:none;\">2023-04-15T16:45:21+02:00<\/span><h4 class=\"entry-title\"><a href=\"https:\/\/systemhaus-rheine.de\/wp1\/wifi-6-was-bringt-der-neue-standard\/\">WiFi 6 \u2013 Was bringt der neue Standard?<\/a><\/h4><\/div><\/article><article class=\"post fusion-column column col col-lg-12 col-md-12 col-sm-12\"><div class=\"recent-posts-content\"><span class=\"vcard\" style=\"display: none;\"><span class=\"fn\"><a href=\"https:\/\/systemhaus-rheine.de\/wp1\/author\/wp_admin\/\" title=\"Beitr\u00e4ge von wp_admin\" rel=\"author\">wp_admin<\/a><\/span><\/span><span class=\"updated\" style=\"display:none;\">2023-04-15T16:42:13+02:00<\/span><h4 class=\"entry-title\"><a href=\"https:\/\/systemhaus-rheine.de\/wp1\/zwei-faktor-authentifizierung-was-hat-das-mit-it-sicherheit-zu-tun\/\">Zwei-Faktor-Authentifizierung, was hat das mit IT-Sicherheit zu tun?<\/a><\/h4><\/div><\/article><article class=\"post fusion-column column col col-lg-12 col-md-12 col-sm-12\"><div class=\"recent-posts-content\"><span class=\"vcard\" style=\"display: none;\"><span class=\"fn\"><a href=\"https:\/\/systemhaus-rheine.de\/wp1\/author\/wp_admin\/\" title=\"Beitr\u00e4ge von wp_admin\" rel=\"author\">wp_admin<\/a><\/span><\/span><span class=\"updated\" style=\"display:none;\">2022-09-26T14:53:34+02:00<\/span><h4 class=\"entry-title\"><a href=\"https:\/\/systemhaus-rheine.de\/wp1\/firefox-quantum-schneller-und-effizienter-arbeiten\/\">Firefox Quantum &#8211; schneller und effizienter arbeiten<\/a><\/h4><\/div><\/article><\/section><\/div><a href=\"http:\/\/www.systemhaus-rheine.de\/wp1\/insystem-blog\/\">mehr&#8230;<\/a><\/div><\/div>\n<\/div><div class=\"fusion-clearfix\"><\/div><\/div><\/div><\/div><\/div>\n","protected":false},"excerpt":{"rendered":"","protected":false},"author":1,"featured_media":0,"parent":0,"menu_order":0,"comment_status":"open","ping_status":"closed","template":"100-width.php","meta":{"footnotes":""},"categories":[],"tags":[],"class_list":["post-3815","page","type-page","status-publish","hentry"],"_links":{"self":[{"href":"https:\/\/systemhaus-rheine.de\/wp1\/wp-json\/wp\/v2\/pages\/3815","targetHints":{"allow":["GET"]}}],"collection":[{"href":"https:\/\/systemhaus-rheine.de\/wp1\/wp-json\/wp\/v2\/pages"}],"about":[{"href":"https:\/\/systemhaus-rheine.de\/wp1\/wp-json\/wp\/v2\/types\/page"}],"author":[{"embeddable":true,"href":"https:\/\/systemhaus-rheine.de\/wp1\/wp-json\/wp\/v2\/users\/1"}],"replies":[{"embeddable":true,"href":"https:\/\/systemhaus-rheine.de\/wp1\/wp-json\/wp\/v2\/comments?post=3815"}],"version-history":[{"count":4,"href":"https:\/\/systemhaus-rheine.de\/wp1\/wp-json\/wp\/v2\/pages\/3815\/revisions"}],"predecessor-version":[{"id":18159,"href":"https:\/\/systemhaus-rheine.de\/wp1\/wp-json\/wp\/v2\/pages\/3815\/revisions\/18159"}],"wp:attachment":[{"href":"https:\/\/systemhaus-rheine.de\/wp1\/wp-json\/wp\/v2\/media?parent=3815"}],"wp:term":[{"taxonomy":"category","embeddable":true,"href":"https:\/\/systemhaus-rheine.de\/wp1\/wp-json\/wp\/v2\/categories?post=3815"},{"taxonomy":"post_tag","embeddable":true,"href":"https:\/\/systemhaus-rheine.de\/wp1\/wp-json\/wp\/v2\/tags?post=3815"}],"curies":[{"name":"wp","href":"https:\/\/api.w.org\/{rel}","templated":true}]}}