{"id":16738,"date":"2018-01-02T10:09:15","date_gmt":"2018-01-02T09:09:15","guid":{"rendered":"http:\/\/systemhaus-rheine.de\/wp1\/?page_id=16738"},"modified":"2018-02-20T17:09:46","modified_gmt":"2018-02-20T16:09:46","slug":"belegvorerfassung-fuer-firmen","status":"publish","type":"page","link":"https:\/\/systemhaus-rheine.de\/wp1\/belegvorerfassung-fuer-firmen\/","title":{"rendered":"Belegvorerfassung &#8211; die Vorteile f\u00fcr Sie als Firma"},"content":{"rendered":"<div class=\"fusion-fullwidth fullwidth-box fusion-builder-row-1 hundred-percent-fullwidth non-hundred-percent-height-scrolling\" style=\"--awb-border-radius-top-left:0px;--awb-border-radius-top-right:0px;--awb-border-radius-bottom-right:0px;--awb-border-radius-bottom-left:0px;--awb-overflow:visible;--awb-flex-wrap:wrap;\" ><div class=\"fusion-builder-row fusion-row\"><div class=\"fusion-layout-column fusion_builder_column fusion-builder-column-0 fusion_builder_column_2_3 2_3 fusion-two-third fusion-column-first\" style=\"--awb-bg-size:cover;width:65.3333%; margin-right: 4%;\"><div class=\"fusion-column-wrapper fusion-flex-column-wrapper-legacy\"><div class=\"fusion-title title fusion-title-1 fusion-title-text fusion-title-size-one\" style=\"--awb-margin-top-small:10px;--awb-margin-right-small:0px;--awb-margin-bottom-small:10px;--awb-margin-left-small:0px;\"><h1 class=\"fusion-title-heading title-heading-left\" style=\"margin:0;\">Belegvorerfassung &#8211; die Vorteile f\u00fcr Sie als Firma<\/h1><span class=\"awb-title-spacer\"><\/span><div class=\"title-sep-container\"><div class=\"title-sep sep-double sep-solid\" style=\"border-color:#e0dede;\"><\/div><\/div><\/div><div class=\"fusion-text fusion-text-1\"><p style=\"text-align: left;\"><a href=\"http:\/\/systemhaus-rheine.de\/wp1\/belegvorerfassung\/\">&lt;&lt; zur\u00fcck zur \u00dcbersichtsseite<\/a><\/p>\n<\/div><div class=\"fusion-content-boxes content-boxes columns row fusion-columns-1 fusion-columns-total-5 fusion-content-boxes-1 content-boxes-icon-with-title content-left\" style=\"--awb-hover-accent-color:#a0ce4e;--awb-circle-hover-accent-color:#a0ce4e;--awb-item-margin-bottom:40px;\" data-animationOffset=\"top-into-view\"><div style=\"--awb-backgroundcolor:transparent;--awb-iconcolor:#ffffff;\" class=\"fusion-column content-box-column content-box-column content-box-column-1 col-lg-12 col-md-12 col-sm-12 fusion-content-box-hover content-box-column-last-in-row\"><div class=\"col content-box-wrapper content-wrapper link-area-link-icon icon-hover-animation-fade\" data-animationOffset=\"top-into-view\"><div class=\"heading heading-with-icon icon-left\"><div class=\"icon\"><i style=\"border-color:#333333;border-width:1px;background-color:#414a97;box-sizing:content-box;height:42px;width:42px;line-height:42px;border-radius:50%;font-size:21px;\" aria-hidden=\"true\" class=\"fontawesome-icon fa fa-check circle-yes\"><\/i><\/div><h2 class=\"content-box-heading\" style=\"--h2_typography-font-size:18px;line-height:23px;\">Verwalten Sie Ihre Belege einfach und effizient<\/h2><\/div><div class=\"fusion-clearfix\"><\/div><div class=\"content-container\"> <a href=\"https:\/\/systemhaus-rheine.de\/wp1\/wp-content\/uploads\/2017\/12\/mandant_bearbeitung.jpg\" rel=\"prettyPhoto\"><img decoding=\"async\" class=\"alignleft wp-image-16779 size-medium\" src=\"https:\/\/systemhaus-rheine.de\/wp1\/wp-content\/uploads\/2017\/12\/mandant_bearbeitung-300x183.jpg\" alt=\"Belegvorerfassung von InSystem - Einfache Verwaltung von Belegdaten\" width=\"300\" height=\"183\" srcset=\"https:\/\/systemhaus-rheine.de\/wp1\/wp-content\/uploads\/2017\/12\/mandant_bearbeitung-300x183.jpg 300w, https:\/\/systemhaus-rheine.de\/wp1\/wp-content\/uploads\/2017\/12\/mandant_bearbeitung-1024x625.jpg 1024w, https:\/\/systemhaus-rheine.de\/wp1\/wp-content\/uploads\/2017\/12\/mandant_bearbeitung.jpg 1260w\" sizes=\"(max-width: 300px) 100vw, 300px\" \/><\/a>Software f\u00fcr die Belegerfassung kann gro\u00df und komplex und abschreckend werden. Insbesondere wenn diese noch zur Archivierung verwendet wird, schnellen die Anforderungen \u2013 und damit die Kosten \u2013 in die H\u00f6he.<\/p>\n<p>IS-Beleg reduziert Ihre Arbeitsprozesse auf das Wesentliche. Kein Excel, keine teuren Seminare, keine komplexe IT. Alle Abl\u00e4ufe sind so gut wie selbsterkl\u00e4rend. Eine komplette Hilfe geht Benutzergerecht auf alle wichtigen Themen ein.<\/div><\/div><\/div><div style=\"--awb-backgroundcolor:transparent;--awb-iconcolor:#ffffff;\" class=\"fusion-column content-box-column content-box-column content-box-column-2 col-lg-12 col-md-12 col-sm-12 fusion-content-box-hover content-box-column-last-in-row\"><div class=\"col content-box-wrapper content-wrapper link-area-link-icon icon-hover-animation-fade\" data-animationOffset=\"top-into-view\"><div class=\"heading heading-with-icon icon-left\"><div class=\"icon\"><i style=\"border-color:#333333;border-width:1px;background-color:#414a97;box-sizing:content-box;height:42px;width:42px;line-height:42px;border-radius:50%;font-size:21px;\" aria-hidden=\"true\" class=\"fontawesome-icon fa fa-check circle-yes\"><\/i><\/div><h2 class=\"content-box-heading\" style=\"--h2_typography-font-size:18px;line-height:23px;\">\u00dcberblick \u00fcber Ihre Einnahmen und Ausgaben <\/h2><\/div><div class=\"fusion-clearfix\"><\/div><div class=\"content-container\"> <a href=\"https:\/\/systemhaus-rheine.de\/wp1\/wp-content\/uploads\/2017\/12\/mandant_uebersicht1.jpg\" rel=\"prettyPhoto\"><img decoding=\"async\" class=\"alignleft wp-image-16782 size-medium\" src=\"https:\/\/systemhaus-rheine.de\/wp1\/wp-content\/uploads\/2017\/12\/mandant_uebersicht1-300x183.jpg\" alt=\"Belegvorerfassung von InSystem - Jederzeit einen \u00dcberblick \u00fcber die Kassen\" width=\"300\" height=\"183\" srcset=\"https:\/\/systemhaus-rheine.de\/wp1\/wp-content\/uploads\/2017\/12\/mandant_uebersicht1-300x183.jpg 300w, https:\/\/systemhaus-rheine.de\/wp1\/wp-content\/uploads\/2017\/12\/mandant_uebersicht1-1024x626.jpg 1024w, https:\/\/systemhaus-rheine.de\/wp1\/wp-content\/uploads\/2017\/12\/mandant_uebersicht1.jpg 1262w\" sizes=\"(max-width: 300px) 100vw, 300px\" \/><\/a>Einmal im System eingetragen, haben Sie alle Belege in einer gro\u00dfen \u00dcbersicht beisammen. Frei nach Ihren Bed\u00fcrfnissen in so genannte Belegstapel aufgeteilt, k\u00f6nnen Sie jederzeit einsehen wie es mit Ihren Kassen steht.<\/div><\/div><\/div><div style=\"--awb-backgroundcolor:transparent;--awb-iconcolor:#ffffff;\" class=\"fusion-column content-box-column content-box-column content-box-column-3 col-lg-12 col-md-12 col-sm-12 fusion-content-box-hover content-box-column-last-in-row\"><div class=\"col content-box-wrapper content-wrapper link-area-link-icon icon-hover-animation-fade\" data-animationOffset=\"top-into-view\"><div class=\"heading heading-with-icon icon-left\"><div class=\"icon\"><i style=\"border-color:#333333;border-width:1px;background-color:#414a97;box-sizing:content-box;height:42px;width:42px;line-height:42px;border-radius:50%;font-size:21px;\" aria-hidden=\"true\" class=\"fontawesome-icon fa fa-check circle-yes\"><\/i><\/div><h2 class=\"content-box-heading\" style=\"--h2_typography-font-size:18px;line-height:23px;\">Sichere \u00dcbergabe der Daten an Ihren Berater <\/h2><\/div><div class=\"fusion-clearfix\"><\/div><div class=\"content-container\"> <a href=\"https:\/\/systemhaus-rheine.de\/wp1\/wp-content\/uploads\/2017\/12\/mandant_export.jpg\" rel=\"prettyPhoto\"><img decoding=\"async\" class=\"alignleft wp-image-16780 size-medium\" src=\"https:\/\/systemhaus-rheine.de\/wp1\/wp-content\/uploads\/2017\/12\/mandant_export-300x183.jpg\" alt=\"Belegvorerfassung von InSystem - Einfacher Export f\u00fcr den Steuerberater\" width=\"300\" height=\"183\" srcset=\"https:\/\/systemhaus-rheine.de\/wp1\/wp-content\/uploads\/2017\/12\/mandant_export-300x183.jpg 300w, https:\/\/systemhaus-rheine.de\/wp1\/wp-content\/uploads\/2017\/12\/mandant_export-1024x625.jpg 1024w, https:\/\/systemhaus-rheine.de\/wp1\/wp-content\/uploads\/2017\/12\/mandant_export.jpg 1260w\" sizes=\"(max-width: 300px) 100vw, 300px\" \/><\/a>Unterst\u00fctzt Ihr Berater IS-Beleg? Mit nur wenigen Klicks erstellt IS-Beleg einen kompletten Monatsexport, den Sie, selbstverst\u00e4ndlich verschl\u00fcsselt, automatisch per E-Mail an Ihren Berater senden lassen k\u00f6nnen.<\/div><\/div><\/div><div style=\"--awb-backgroundcolor:transparent;--awb-iconcolor:#ffffff;\" class=\"fusion-column content-box-column content-box-column content-box-column-4 col-lg-12 col-md-12 col-sm-12 fusion-content-box-hover content-box-column-last-in-row\"><div class=\"col content-box-wrapper content-wrapper link-area-link-icon icon-hover-animation-fade\" data-animationOffset=\"top-into-view\"><div class=\"heading heading-with-icon icon-left\"><div class=\"icon\"><i style=\"border-color:#333333;border-width:1px;background-color:#414a97;box-sizing:content-box;height:42px;width:42px;line-height:42px;border-radius:50%;font-size:21px;\" aria-hidden=\"true\" class=\"fontawesome-icon fa fa-check circle-yes\"><\/i><\/div><h2 class=\"content-box-heading\" style=\"--h2_typography-font-size:18px;line-height:23px;\">Lassen Sie Ihren Berater die schwierigen Sachen machen<\/h2><\/div><div class=\"fusion-clearfix\"><\/div><div class=\"content-container\"> <a href=\"https:\/\/systemhaus-rheine.de\/wp1\/wp-content\/uploads\/2017\/12\/mandant_gegenkonten.jpg\" rel=\"prettyPhoto\"><img decoding=\"async\" class=\"alignleft wp-image-16781 size-medium\" src=\"https:\/\/systemhaus-rheine.de\/wp1\/wp-content\/uploads\/2017\/12\/mandant_gegenkonten-300x183.jpg\" alt=\"Belegvorerfassung von InSystem - Reduziert die Belegerfassung auf das Wesentliche\" width=\"300\" height=\"183\" srcset=\"https:\/\/systemhaus-rheine.de\/wp1\/wp-content\/uploads\/2017\/12\/mandant_gegenkonten-300x183.jpg 300w, https:\/\/systemhaus-rheine.de\/wp1\/wp-content\/uploads\/2017\/12\/mandant_gegenkonten-1024x625.jpg 1024w, https:\/\/systemhaus-rheine.de\/wp1\/wp-content\/uploads\/2017\/12\/mandant_gegenkonten.jpg 1260w\" sizes=\"(max-width: 300px) 100vw, 300px\" \/><\/a>Kennen Sie die aktuellen Standardkontenrahmen? M\u00f6chten Sie sich die Zeit nehmen ihre Belege aufzuteilen und einzelne Posten den passenden Gegenkonten zuzuweisen?<br \/>\n\u00dcberlassen Sie das Ihrem Steuerberater! Sie brauchen den Belegen nur so genannte Eingabe- und Ausgabearten mit zu geben. Das sind kurze Texte die den Beleg beschreiben. Beispielsweise \u201eTanken\u201c oder \u201eBareinnahme.\u201c Einmal zugewiesen, merkt sich IS-Beleg den Text und macht automatisch Vorschl\u00e4ge w\u00e4hrend der Eingabe.<\/div><\/div><\/div><div style=\"--awb-backgroundcolor:transparent;--awb-iconcolor:#ffffff;\" class=\"fusion-column content-box-column content-box-column content-box-column-5 col-lg-12 col-md-12 col-sm-12 fusion-content-box-hover content-box-column-last content-box-column-last-in-row\"><div class=\"col content-box-wrapper content-wrapper link-area-link-icon icon-hover-animation-fade\" data-animationOffset=\"top-into-view\"><div class=\"heading heading-with-icon icon-left\"><div class=\"icon\"><i style=\"border-color:#333333;border-width:1px;background-color:#414a97;box-sizing:content-box;height:42px;width:42px;line-height:42px;border-radius:50%;font-size:21px;\" aria-hidden=\"true\" class=\"fontawesome-icon fa fa-check circle-yes\"><\/i><\/div><h2 class=\"content-box-heading\" style=\"--h2_typography-font-size:18px;line-height:23px;\">Keinen Steuerberater? IS-Beleg hilft Ihnen, Ihre Kassenb\u00fccher zu pflegen<\/h2><\/div><div class=\"fusion-clearfix\"><\/div><div class=\"content-container\"> Selbst ohne einen Steuerberater profitieren Sie von IS-Beleg! Durch die Vorerfassung haben Sie bereits vor Eintragung in das Kassenbuch einen Gesamt\u00fcberblick.<\/div><\/div><\/div><div class=\"fusion-clearfix\"><\/div><\/div><div class=\"fusion-clearfix\"><\/div><\/div><\/div><div class=\"fusion-layout-column fusion_builder_column fusion-builder-column-1 fusion_builder_column_1_3 1_3 fusion-one-third fusion-column-last\" style=\"--awb-bg-size:cover;width:30.6666%;\"><div class=\"fusion-column-wrapper fusion-flex-column-wrapper-legacy\"><div class=\"fusion-sep-clear\"><\/div><div class=\"fusion-separator fusion-full-width-sep\" style=\"margin-left: auto;margin-right: auto;width:100%;\"><\/div><div class=\"fusion-sep-clear\"><\/div><div class=\"fusion-text fusion-text-2\"><div class=\"su-box su-box-style-default\" id=\"\" style=\"border-color:#ae0000;border-radius:3px;max-width:none\"><div class=\"su-box-title\" style=\"background-color:#E11A2D;color:#FFFFFF;border-top-left-radius:1px;border-top-right-radius:1px\">IT-Tipps<\/div><div class=\"su-box-content su-u-clearfix su-u-trim\" style=\"border-bottom-left-radius:1px;border-bottom-right-radius:1px\"><div class=\"fusion-recent-posts fusion-recent-posts-1 avada-container layout-default layout-columns-1\"><section class=\"fusion-columns columns fusion-columns-1 columns-1\"><article class=\"post fusion-column column col col-lg-12 col-md-12 col-sm-12\"><div class=\"recent-posts-content\"><span class=\"vcard\" style=\"display: none;\"><span class=\"fn\"><a href=\"https:\/\/systemhaus-rheine.de\/wp1\/author\/wp_admin\/\" title=\"Beitr\u00e4ge von wp_admin\" rel=\"author\">wp_admin<\/a><\/span><\/span><span class=\"updated\" style=\"display:none;\">2023-04-15T16:47:48+02:00<\/span><h4 class=\"entry-title\"><a href=\"https:\/\/systemhaus-rheine.de\/wp1\/autonome-e-trucks-eine-transport-revolution\/\">Autonome E-Trucks \u2013 Eine Transport-Revolution?<\/a><\/h4><\/div><\/article><article class=\"post fusion-column column col col-lg-12 col-md-12 col-sm-12\"><div class=\"recent-posts-content\"><span class=\"vcard\" style=\"display: none;\"><span class=\"fn\"><a href=\"https:\/\/systemhaus-rheine.de\/wp1\/author\/wp_admin\/\" title=\"Beitr\u00e4ge von wp_admin\" rel=\"author\">wp_admin<\/a><\/span><\/span><span class=\"updated\" style=\"display:none;\">2023-04-15T16:55:34+02:00<\/span><h4 class=\"entry-title\"><a href=\"https:\/\/systemhaus-rheine.de\/wp1\/sind-windows-updates-wirklich-wichtig\/\">Sind Windows-Updates wirklich wichtig?<\/a><\/h4><\/div><\/article><article class=\"post fusion-column column col col-lg-12 col-md-12 col-sm-12\"><div class=\"recent-posts-content\"><span class=\"vcard\" style=\"display: none;\"><span class=\"fn\"><a href=\"https:\/\/systemhaus-rheine.de\/wp1\/author\/wp_admin\/\" title=\"Beitr\u00e4ge von wp_admin\" rel=\"author\">wp_admin<\/a><\/span><\/span><span class=\"updated\" style=\"display:none;\">2023-04-15T16:45:21+02:00<\/span><h4 class=\"entry-title\"><a href=\"https:\/\/systemhaus-rheine.de\/wp1\/wifi-6-was-bringt-der-neue-standard\/\">WiFi 6 \u2013 Was bringt der neue Standard?<\/a><\/h4><\/div><\/article><article class=\"post fusion-column column col col-lg-12 col-md-12 col-sm-12\"><div class=\"recent-posts-content\"><span class=\"vcard\" style=\"display: none;\"><span class=\"fn\"><a href=\"https:\/\/systemhaus-rheine.de\/wp1\/author\/wp_admin\/\" title=\"Beitr\u00e4ge von wp_admin\" rel=\"author\">wp_admin<\/a><\/span><\/span><span class=\"updated\" style=\"display:none;\">2023-04-15T16:42:13+02:00<\/span><h4 class=\"entry-title\"><a href=\"https:\/\/systemhaus-rheine.de\/wp1\/zwei-faktor-authentifizierung-was-hat-das-mit-it-sicherheit-zu-tun\/\">Zwei-Faktor-Authentifizierung, was hat das mit IT-Sicherheit zu tun?<\/a><\/h4><\/div><\/article><article class=\"post fusion-column column col col-lg-12 col-md-12 col-sm-12\"><div class=\"recent-posts-content\"><span class=\"vcard\" style=\"display: none;\"><span class=\"fn\"><a href=\"https:\/\/systemhaus-rheine.de\/wp1\/author\/wp_admin\/\" title=\"Beitr\u00e4ge von wp_admin\" rel=\"author\">wp_admin<\/a><\/span><\/span><span class=\"updated\" style=\"display:none;\">2022-09-26T14:53:34+02:00<\/span><h4 class=\"entry-title\"><a href=\"https:\/\/systemhaus-rheine.de\/wp1\/firefox-quantum-schneller-und-effizienter-arbeiten\/\">Firefox Quantum &#8211; schneller und effizienter arbeiten<\/a><\/h4><\/div><\/article><\/section><\/div><a href=\"http:\/\/www.systemhaus-rheine.de\/wp1\/insystem-blog\/\">mehr&#8230;<\/a><\/div><\/div>\n<\/div><div class=\"fusion-text fusion-text-3\"><div class=\"su-box su-box-style-default\" id=\"\" style=\"border-color:#ae0000;border-radius:3px;max-width:none\"><div class=\"su-box-title\" style=\"background-color:#E11A2D;color:#FFFFFF;border-top-left-radius:1px;border-top-right-radius:1px\">Was interessiert Sie?<\/div><div class=\"su-box-content su-u-clearfix su-u-trim\" style=\"border-bottom-left-radius:1px;border-bottom-right-radius:1px\"><style type=\"text\/css\">div#tagcloud { margin-bottom: 50px; width: 90%; margin-left: auto; margin-right: auto; text-align: center; }<\/style><div id=\"tagcloud\"><a href=\"https:\/\/systemhaus-rheine.de\/wp1\/tag\/archivierung\/\" class=\"tag-cloud-link tag-link-58 tag-link-position-1\" aria-label=\"Archivierung (2\u00a0Eintr\u00e4ge)\">Archivierung<\/a>\n<a href=\"https:\/\/systemhaus-rheine.de\/wp1\/tag\/belegvorerfassung\/\" class=\"tag-cloud-link tag-link-71 tag-link-position-2\" aria-label=\"Belegvorerfassung (3\u00a0Eintr\u00e4ge)\">Belegvorerfassung<\/a>\n<a href=\"https:\/\/systemhaus-rheine.de\/wp1\/tag\/drucker\/\" class=\"tag-cloud-link tag-link-41 tag-link-position-3\" aria-label=\"Drucker (1\u00a0Eintrag)\">Drucker<\/a>\n<a href=\"https:\/\/systemhaus-rheine.de\/wp1\/tag\/e-mail\/\" class=\"tag-cloud-link tag-link-42 tag-link-position-4\" aria-label=\"E-Mail (1\u00a0Eintrag)\">E-Mail<\/a>\n<a href=\"https:\/\/systemhaus-rheine.de\/wp1\/tag\/erp\/\" class=\"tag-cloud-link tag-link-48 tag-link-position-5\" aria-label=\"ERP (1\u00a0Eintrag)\">ERP<\/a>\n<a href=\"https:\/\/systemhaus-rheine.de\/wp1\/tag\/fax\/\" class=\"tag-cloud-link tag-link-45 tag-link-position-6\" aria-label=\"Fax (1\u00a0Eintrag)\">Fax<\/a>\n<a href=\"https:\/\/systemhaus-rheine.de\/wp1\/tag\/gastronomie\/\" class=\"tag-cloud-link tag-link-53 tag-link-position-7\" aria-label=\"Gastronomie (2\u00a0Eintr\u00e4ge)\">Gastronomie<\/a>\n<a href=\"https:\/\/systemhaus-rheine.de\/wp1\/tag\/hardware\/\" class=\"tag-cloud-link tag-link-55 tag-link-position-8\" aria-label=\"Hardware (3\u00a0Eintr\u00e4ge)\">Hardware<\/a>\n<a href=\"https:\/\/systemhaus-rheine.de\/wp1\/tag\/internet\/\" class=\"tag-cloud-link tag-link-37 tag-link-position-9\" aria-label=\"Internet (1\u00a0Eintrag)\">Internet<\/a>\n<a href=\"https:\/\/systemhaus-rheine.de\/wp1\/tag\/literaturverzeichnis\/\" class=\"tag-cloud-link tag-link-68 tag-link-position-10\" aria-label=\"Literaturverzeichnis (1\u00a0Eintrag)\">Literaturverzeichnis<\/a>\n<a href=\"https:\/\/systemhaus-rheine.de\/wp1\/tag\/netzwerk\/\" class=\"tag-cloud-link tag-link-57 tag-link-position-11\" aria-label=\"Netzwerk (1\u00a0Eintrag)\">Netzwerk<\/a>\n<a href=\"https:\/\/systemhaus-rheine.de\/wp1\/tag\/quellenangaben\/\" class=\"tag-cloud-link tag-link-69 tag-link-position-12\" aria-label=\"Quellenangaben (1\u00a0Eintrag)\">Quellenangaben<\/a>\n<a href=\"https:\/\/systemhaus-rheine.de\/wp1\/tag\/security\/\" class=\"tag-cloud-link tag-link-50 tag-link-position-13\" aria-label=\"Security (1\u00a0Eintrag)\">Security<\/a>\n<a href=\"https:\/\/systemhaus-rheine.de\/wp1\/tag\/server\/\" class=\"tag-cloud-link tag-link-38 tag-link-position-14\" aria-label=\"Server (2\u00a0Eintr\u00e4ge)\">Server<\/a>\n<a href=\"https:\/\/systemhaus-rheine.de\/wp1\/tag\/service\/\" class=\"tag-cloud-link tag-link-34 tag-link-position-15\" aria-label=\"Service (7\u00a0Eintr\u00e4ge)\">Service<\/a>\n<a href=\"https:\/\/systemhaus-rheine.de\/wp1\/tag\/sicherheit\/\" class=\"tag-cloud-link tag-link-43 tag-link-position-16\" aria-label=\"Sicherheit (1\u00a0Eintrag)\">Sicherheit<\/a>\n<a href=\"https:\/\/systemhaus-rheine.de\/wp1\/tag\/software\/\" class=\"tag-cloud-link tag-link-39 tag-link-position-17\" aria-label=\"Software (4\u00a0Eintr\u00e4ge)\">Software<\/a>\n<a href=\"https:\/\/systemhaus-rheine.de\/wp1\/tag\/telefonie\/\" class=\"tag-cloud-link tag-link-46 tag-link-position-18\" aria-label=\"Telefonie (1\u00a0Eintrag)\">Telefonie<\/a>\n<a href=\"https:\/\/systemhaus-rheine.de\/wp1\/tag\/telekommunikation\/\" class=\"tag-cloud-link tag-link-40 tag-link-position-19\" aria-label=\"Telekommunikation (1\u00a0Eintrag)\">Telekommunikation<\/a>\n<a href=\"https:\/\/systemhaus-rheine.de\/wp1\/tag\/warenwirtschaft\/\" class=\"tag-cloud-link tag-link-47 tag-link-position-20\" aria-label=\"Warenwirtschaft (1\u00a0Eintrag)\">Warenwirtschaft<\/a>\n<a href=\"https:\/\/systemhaus-rheine.de\/wp1\/tag\/word-2016\/\" class=\"tag-cloud-link tag-link-70 tag-link-position-21\" aria-label=\"Word 2016 (1\u00a0Eintrag)\">Word 2016<\/a><\/div><\/div><\/div>\n<\/div><div class=\"fusion-clearfix\"><\/div><\/div><\/div><\/div><\/div>\n","protected":false},"excerpt":{"rendered":"","protected":false},"author":10,"featured_media":0,"parent":0,"menu_order":0,"comment_status":"closed","ping_status":"closed","template":"","meta":{"footnotes":""},"categories":[],"tags":[71],"class_list":["post-16738","page","type-page","status-publish","hentry","tag-belegvorerfassung"],"_links":{"self":[{"href":"https:\/\/systemhaus-rheine.de\/wp1\/wp-json\/wp\/v2\/pages\/16738","targetHints":{"allow":["GET"]}}],"collection":[{"href":"https:\/\/systemhaus-rheine.de\/wp1\/wp-json\/wp\/v2\/pages"}],"about":[{"href":"https:\/\/systemhaus-rheine.de\/wp1\/wp-json\/wp\/v2\/types\/page"}],"author":[{"embeddable":true,"href":"https:\/\/systemhaus-rheine.de\/wp1\/wp-json\/wp\/v2\/users\/10"}],"replies":[{"embeddable":true,"href":"https:\/\/systemhaus-rheine.de\/wp1\/wp-json\/wp\/v2\/comments?post=16738"}],"version-history":[{"count":0,"href":"https:\/\/systemhaus-rheine.de\/wp1\/wp-json\/wp\/v2\/pages\/16738\/revisions"}],"wp:attachment":[{"href":"https:\/\/systemhaus-rheine.de\/wp1\/wp-json\/wp\/v2\/media?parent=16738"}],"wp:term":[{"taxonomy":"category","embeddable":true,"href":"https:\/\/systemhaus-rheine.de\/wp1\/wp-json\/wp\/v2\/categories?post=16738"},{"taxonomy":"post_tag","embeddable":true,"href":"https:\/\/systemhaus-rheine.de\/wp1\/wp-json\/wp\/v2\/tags?post=16738"}],"curies":[{"name":"wp","href":"https:\/\/api.w.org\/{rel}","templated":true}]}}