{"id":13462,"date":"2015-07-17T08:49:32","date_gmt":"2015-07-17T06:49:32","guid":{"rendered":"http:\/\/www.systemhaus-rheine.de\/wp1\/?page_id=13462"},"modified":"2018-02-20T17:09:46","modified_gmt":"2018-02-20T16:09:46","slug":"insystem-blog","status":"publish","type":"page","link":"https:\/\/systemhaus-rheine.de\/wp1\/insystem-blog\/","title":{"rendered":"InSystem Blog"},"content":{"rendered":"<div class=\"fusion-fullwidth fullwidth-box fusion-builder-row-1 hundred-percent-fullwidth non-hundred-percent-height-scrolling\" style=\"--awb-border-radius-top-left:0px;--awb-border-radius-top-right:0px;--awb-border-radius-bottom-right:0px;--awb-border-radius-bottom-left:0px;--awb-overflow:visible;--awb-flex-wrap:wrap;\" ><div class=\"fusion-builder-row fusion-row\"><div class=\"fusion-layout-column fusion_builder_column fusion-builder-column-0 fusion_builder_column_1_1 1_1 fusion-one-full fusion-column-first fusion-column-last fusion-column-no-min-height\" style=\"--awb-bg-size:cover;--awb-margin-bottom:0px;\"><div class=\"fusion-column-wrapper fusion-flex-column-wrapper-legacy\"><div class=\"fusion-blog-shortcode fusion-blog-shortcode-1 fusion-blog-archive fusion-blog-layout-large-alternate fusion-blog-infinite\"><div class=\"fusion-posts-container fusion-posts-container-infinite fusion-no-meta-info fusion-blog-rollover\" data-pages=\"16\"><article id=\"blog-1-post-17696\" class=\"fusion-post-large-alternate post-17696 post type-post status-publish format-standard hentry category-allgemein category-news\">\n\t<style type=\"text\/css\">\n\t\t\n\t\t\n\t\t\n\t\t\n\t\t\t<\/style>\n\n\n<div class=\"fusion-date-and-formats\"><div class=\"fusion-date-box updated\"><span class=\"fusion-date\">26<\/span><span class=\"fusion-month-year\">04, 2023<\/span><\/div><div class=\"fusion-format-box\"><i class=\"awb-icon-pen\" aria-hidden=\"true\"><\/i><\/div><\/div><div class=\"fusion-post-content post-content\"><h2 class=\"blog-shortcode-post-title entry-title\"><a href=\"https:\/\/systemhaus-rheine.de\/wp1\/autonome-e-trucks-eine-transport-revolution\/\">Autonome E-Trucks \u2013 Eine Transport-Revolution?<\/a><\/h2><div class=\"fusion-post-content-container\"><p>  Fachkr\u00e4fteengp\u00e4sse \u2013 Bereits seit einigen Jahren erf\u00fcllt der Beruf eines LKW-Fahrers die Kriterien eines \u201eFachkr\u00e4fteengpasses\u201c und bis heute hat sich die Lage nur wenig verbessert. Doch was tun gehen den R\u00fcckgang an unverzichtbaren Fachpersonal f\u00fcr Unternehmen auf der ganzen Welt? Stellen Sie sich vor Sie m\u00fcssten nie wieder auf logistisches Fachpersonal angewiesen sein, k\u00f6nnten das Fahrzeug sogar von Zuhause aus bequem steuern und w\u00fcrden dabei auch noch was f\u00fcr die Umwelt tun. Die sogenannten \u201eautonomen Trucks\u201c machen es m\u00f6glich.  Bild von Sabine auf Pixabay  Schon l\u00e4nger arbeiten Firmen daran die Idee des autonomen Fahrens umzusetzen. Seit<a href=\"https:\/\/systemhaus-rheine.de\/wp1\/autonome-e-trucks-eine-transport-revolution\/\"> [...]<\/a><\/p><\/div><\/div><div class=\"fusion-clearfix\"><\/div><\/article>\n<article id=\"blog-1-post-17758\" class=\"fusion-post-large-alternate post-17758 post type-post status-publish format-standard hentry category-allgemein category-dienstleistung category-tipps\">\n\t<style type=\"text\/css\">\n\t\t\n\t\t\n\t\t\n\t\t\n\t\t\t<\/style>\n\n\n<div class=\"fusion-date-and-formats\"><div class=\"fusion-date-box updated\"><span class=\"fusion-date\">15<\/span><span class=\"fusion-month-year\">04, 2023<\/span><\/div><div class=\"fusion-format-box\"><i class=\"awb-icon-pen\" aria-hidden=\"true\"><\/i><\/div><\/div><div class=\"fusion-post-content post-content\"><h2 class=\"blog-shortcode-post-title entry-title\"><a href=\"https:\/\/systemhaus-rheine.de\/wp1\/sind-windows-updates-wirklich-wichtig\/\">Sind Windows-Updates wirklich wichtig?<\/a><\/h2><div class=\"fusion-post-content-container\"><p> Wir kennen es alle - man will seinen Rechner bedienen, doch dann wird man durch eine Benachrichtigung aufgefordert ein Update zu machen. Oft ist man geneigt die Benachrichtigung wegzudr\u00fccken. Doch was passiert wenn man keine Updates macht? Ist es wirklich schlimmer? Wozu sind die Updates gut? Brauche ich die \u00fcberhaupt? Zum einen ist die Hauptaufgabe der Updates, Sicherheitsl\u00fccken und andere Schwachstellen im Betriebssystem zu beheben. Stellen Sie sich vor: einen Fehler in Windows erm\u00f6glicht einem Angreifer Ihr Ger\u00e4t zu manipulieren. Dieses Szenario ist nicht aus der Luft gegriffen, sondern passiert h\u00e4ufig. Die L\u00f6sung daf\u00fcr wird in dem n\u00e4chsten Update<a href=\"https:\/\/systemhaus-rheine.de\/wp1\/sind-windows-updates-wirklich-wichtig\/\"> [...]<\/a><\/p><\/div><\/div><div class=\"fusion-clearfix\"><\/div><\/article>\n<article id=\"blog-1-post-17725\" class=\"fusion-post-large-alternate post-17725 post type-post status-publish format-standard hentry category-allgemein category-news\">\n\t<style type=\"text\/css\">\n\t\t\n\t\t\n\t\t\n\t\t\n\t\t\t<\/style>\n\n\n<div class=\"fusion-date-and-formats\"><div class=\"fusion-date-box updated\"><span class=\"fusion-date\">15<\/span><span class=\"fusion-month-year\">04, 2023<\/span><\/div><div class=\"fusion-format-box\"><i class=\"awb-icon-pen\" aria-hidden=\"true\"><\/i><\/div><\/div><div class=\"fusion-post-content post-content\"><h2 class=\"blog-shortcode-post-title entry-title\"><a href=\"https:\/\/systemhaus-rheine.de\/wp1\/wifi-6-was-bringt-der-neue-standard\/\">WiFi 6 \u2013 Was bringt der neue Standard?<\/a><\/h2><div class=\"fusion-post-content-container\"><p> Im Herbst 2019 pr\u00e4sentierte die weltweite Wi-Fi Alliance den neuen drahtlosen Verbindungsstandard Wi-Fi 6. Zun\u00e4chst unterst\u00fctzten nur High-End-Smartphones und Top-Gaming-Laptops den neuen Standard, aber jetzt hat der Fortschritt auch die PCs erreicht. Top-Modelle von Motherboards f\u00fcr Intel-Prozessoren, ab der 10. Generation, erhalten ein integriertes Modul f\u00fcr Wi-Fi 6. Es ist wichtig herauszufinden, was der neue Standard mit sich bringt und warum es sich lohnt, jetzt umzusteigen.  Bild von Jos Didier auf Pixabay  Erh\u00f6hte Internetgeschwindigkeit Was sind also die St\u00e4rken und Eigenschaften von Wi-Fi 6, die es angeblich so attraktiv machen? Laut den Herstellern bietet der neue Standard<a href=\"https:\/\/systemhaus-rheine.de\/wp1\/wifi-6-was-bringt-der-neue-standard\/\"> [...]<\/a><\/p><\/div><\/div><div class=\"fusion-clearfix\"><\/div><\/article>\n<article id=\"blog-1-post-17760\" class=\"fusion-post-large-alternate post-17760 post type-post status-publish format-standard hentry category-allgemein category-dienstleistung\">\n\t<style type=\"text\/css\">\n\t\t\n\t\t\n\t\t\n\t\t\n\t\t\t<\/style>\n\n\n<div class=\"fusion-date-and-formats\"><div class=\"fusion-date-box updated\"><span class=\"fusion-date\">15<\/span><span class=\"fusion-month-year\">04, 2023<\/span><\/div><div class=\"fusion-format-box\"><i class=\"awb-icon-pen\" aria-hidden=\"true\"><\/i><\/div><\/div><div class=\"fusion-post-content post-content\"><h2 class=\"blog-shortcode-post-title entry-title\"><a href=\"https:\/\/systemhaus-rheine.de\/wp1\/zwei-faktor-authentifizierung-was-hat-das-mit-it-sicherheit-zu-tun\/\">Zwei-Faktor-Authentifizierung, was hat das mit IT-Sicherheit zu tun?<\/a><\/h2><div class=\"fusion-post-content-container\"><p> Die Zwei-Faktor-Authentifizierung (oder 2FA) ist eine der besten M\u00f6glichkeiten, die Sicherheit Ihrer Online-Konten zu verbessern. Gl\u00fccklicherweise ist es im Internet immer h\u00e4ufiger anzutreffen. In der Regel erm\u00f6glichen nur wenige Klicks in den Einstellungen eine zus\u00e4tzliche Sicherheitsebene f\u00fcr Accounts neben dem Standardpasswort. Der Begriff 2FA hat mehrere Synonyme \u2013 Multi-Factor Authentication (MFA), Two-Step Verification (2SV) oder Login Approvals. Aber unabh\u00e4ngig vom Namen ist die Hauptaufgabe von 2FA dieselbe: Selbst wenn jemand Ihr Passwort kennt, kann er nicht auf Ihre Konten zugreifen, man braucht einen Geheimcode von Ihrem Telefon oder einen speziellen Sicherheitsschl\u00fcssel daf\u00fcr. Sicherheit Das zus\u00e4tzliche Schutzniveau von 2FA bedeutet<a href=\"https:\/\/systemhaus-rheine.de\/wp1\/zwei-faktor-authentifizierung-was-hat-das-mit-it-sicherheit-zu-tun\/\"> [...]<\/a><\/p><\/div><\/div><div class=\"fusion-clearfix\"><\/div><\/article>\n<article id=\"blog-1-post-16590\" class=\"fusion-post-large-alternate post-16590 post type-post status-publish format-standard hentry category-allgemein category-news category-tipps\">\n\t<style type=\"text\/css\">\n\t\t\n\t\t\n\t\t\n\t\t\n\t\t\t<\/style>\n\n\n<div class=\"fusion-date-and-formats\"><div class=\"fusion-date-box updated\"><span class=\"fusion-date\">31<\/span><span class=\"fusion-month-year\">08, 2022<\/span><\/div><div class=\"fusion-format-box\"><i class=\"awb-icon-pen\" aria-hidden=\"true\"><\/i><\/div><\/div><div class=\"fusion-post-content post-content\"><h2 class=\"blog-shortcode-post-title entry-title\"><a href=\"https:\/\/systemhaus-rheine.de\/wp1\/firefox-quantum-schneller-und-effizienter-arbeiten\/\">Firefox Quantum &#8211; schneller und effizienter arbeiten<\/a><\/h2><div class=\"fusion-post-content-container\"><p>Der Mozilla Firefox Webbrowser erfreut sich einer gro\u00dfen Beliebtheit auf der ganzen Welt. Allerdings sind in der letzten Zeit immer mehr Nutzer unzufrieden, was dazu f\u00fchrte, dass Googles Webbrowser Chrome, Mozilla den Rang abgelaufen hat und der weltweit am h\u00e4ufigsten verwendete Webbrowser auf dem Markt ist. Nun hat Mozilla reagiert und ein neues Update f\u00fcr den beliebten Firefox Webbrowser auf den Markt gebracht. Laut Mozillas Aussagen ist dies \u201edas gr\u00f6\u00dfte Update aller Zeiten\u201c. Aber welche Neuerungen und Verbesserungen warten auf Sie? Schafft es Firefox wieder an die Spitze?<\/p><\/div><\/div><div class=\"fusion-clearfix\"><\/div><\/article>\n<article id=\"blog-1-post-16607\" class=\"fusion-post-large-alternate post-16607 post type-post status-publish format-standard hentry category-allgemein\">\n\t<style type=\"text\/css\">\n\t\t\n\t\t\n\t\t\n\t\t\n\t\t\t<\/style>\n\n\n<div class=\"fusion-date-and-formats\"><div class=\"fusion-date-box updated\"><span class=\"fusion-date\">31<\/span><span class=\"fusion-month-year\">05, 2022<\/span><\/div><div class=\"fusion-format-box\"><i class=\"awb-icon-pen\" aria-hidden=\"true\"><\/i><\/div><\/div><div class=\"fusion-post-content post-content\"><h2 class=\"blog-shortcode-post-title entry-title\"><a href=\"https:\/\/systemhaus-rheine.de\/wp1\/smartphones-sicherheitsrisiko-im-unternehmen\/\">Smartphones \u2013 Sicherheitsrisiko im Unternehmen<\/a><\/h2><div class=\"fusion-post-content-container\"><p>Jeder kennt es, jeder hat es, ein Smartphone. Kaum jemand geht heute noch ohne sein geliebtes Smartphone aus dem Haus. Ob in der Freizeit, oder aber im Unternehmen, dass Smartphone ist ein st\u00e4ndiger Begleiter. Woran viele Unternehmen dabei gar nicht denken ist, dass die privaten Smartphones ein Sicherheitsrisiko f\u00fcr das Unternehmen sein k\u00f6nnen, wenn sie im Firmennetzwerk angemeldet sind.<\/p><\/div><\/div><div class=\"fusion-clearfix\"><\/div><\/article>\n<\/div><div class=\"fusion-infinite-scroll-trigger\"><\/div><div class=\"pagination infinite-scroll clearfix\" style=\"display:none;\"><span class=\"current\">1<\/span><a href=\"https:\/\/systemhaus-rheine.de\/wp1\/wp-json\/wp\/v2\/pages\/13462\/page\/2\/\" class=\"inactive\">2<\/a><a class=\"pagination-next\" rel=\"next\" href=\"https:\/\/systemhaus-rheine.de\/wp1\/wp-json\/wp\/v2\/pages\/13462\/page\/2\/\"><span class=\"page-text\">Vor<\/span><span class=\"page-next\"><\/span><\/a><\/div><div class=\"fusion-clearfix\"><\/div><\/div><div class=\"fusion-clearfix\"><\/div><\/div><\/div><\/div><\/div>\n","protected":false},"excerpt":{"rendered":"","protected":false},"author":4,"featured_media":0,"parent":0,"menu_order":0,"comment_status":"closed","ping_status":"open","template":"","meta":{"footnotes":""},"categories":[],"tags":[],"class_list":["post-13462","page","type-page","status-publish","hentry"],"_links":{"self":[{"href":"https:\/\/systemhaus-rheine.de\/wp1\/wp-json\/wp\/v2\/pages\/13462","targetHints":{"allow":["GET"]}}],"collection":[{"href":"https:\/\/systemhaus-rheine.de\/wp1\/wp-json\/wp\/v2\/pages"}],"about":[{"href":"https:\/\/systemhaus-rheine.de\/wp1\/wp-json\/wp\/v2\/types\/page"}],"author":[{"embeddable":true,"href":"https:\/\/systemhaus-rheine.de\/wp1\/wp-json\/wp\/v2\/users\/4"}],"replies":[{"embeddable":true,"href":"https:\/\/systemhaus-rheine.de\/wp1\/wp-json\/wp\/v2\/comments?post=13462"}],"version-history":[{"count":0,"href":"https:\/\/systemhaus-rheine.de\/wp1\/wp-json\/wp\/v2\/pages\/13462\/revisions"}],"wp:attachment":[{"href":"https:\/\/systemhaus-rheine.de\/wp1\/wp-json\/wp\/v2\/media?parent=13462"}],"wp:term":[{"taxonomy":"category","embeddable":true,"href":"https:\/\/systemhaus-rheine.de\/wp1\/wp-json\/wp\/v2\/categories?post=13462"},{"taxonomy":"post_tag","embeddable":true,"href":"https:\/\/systemhaus-rheine.de\/wp1\/wp-json\/wp\/v2\/tags?post=13462"}],"curies":[{"name":"wp","href":"https:\/\/api.w.org\/{rel}","templated":true}]}}