{"id":11313,"date":"2014-12-18T11:33:02","date_gmt":"2014-12-18T09:33:02","guid":{"rendered":"http:\/\/www.systemhaus-rheine.de\/wp1\/?page_id=11313"},"modified":"2018-02-20T17:09:48","modified_gmt":"2018-02-20T16:09:48","slug":"sicherheit","status":"publish","type":"page","link":"https:\/\/systemhaus-rheine.de\/wp1\/sicherheit\/","title":{"rendered":"Sicherheit"},"content":{"rendered":"<div class=\"fusion-fullwidth fullwidth-box fusion-builder-row-1 hundred-percent-fullwidth non-hundred-percent-height-scrolling\" style=\"--awb-border-radius-top-left:0px;--awb-border-radius-top-right:0px;--awb-border-radius-bottom-right:0px;--awb-border-radius-bottom-left:0px;--awb-overflow:visible;--awb-flex-wrap:wrap;\" ><div class=\"fusion-builder-row fusion-row\"><div class=\"fusion-layout-column fusion_builder_column fusion-builder-column-0 fusion_builder_column_1_1 1_1 fusion-one-full fusion-column-first fusion-column-last fusion-column-no-min-height\" style=\"--awb-bg-size:cover;--awb-margin-bottom:0px;\"><div class=\"fusion-column-wrapper fusion-flex-column-wrapper-legacy\"><div class=\"fusion-slider-sc fusion-flexslider-loading flexslider flexslider-hover-type-none\" data-slideshow_autoplay=\"1\" data-slideshow_smooth_height=\"0\" data-slideshow_speed=\"7000\" style=\"max-width:100%;height:100%;\"><ul class=\"slides\"><li class=\"image\"><span class=\"fusion-image-hover-element hover-type-none\"><img decoding=\"async\" src=\"http:\/\/www.systemhaus-rheine.de\/wp1\/wp-content\/uploads\/2015\/02\/IT-Sicherheit-Security-Schutz-Antivirus-Systemhaus-Rheine-940x600-1024x320.jpg\" \/><\/span><\/li><li class=\"image\"><span class=\"fusion-image-hover-element hover-type-none\"><img decoding=\"async\" src=\"http:\/\/www.systemhaus-rheine.de\/wp1\/wp-content\/uploads\/2015\/01\/Kamera-2-1024x320-1024x320.jpg\" \/><\/span><\/li><li class=\"image\"><span class=\"fusion-image-hover-element hover-type-none\"><img decoding=\"async\" src=\"http:\/\/www.systemhaus-rheine.de\/wp1\/wp-content\/uploads\/2015\/01\/Passwort-1024x320.jpg\" \/><\/span><\/li><\/ul><\/div><div class=\"fusion-clearfix\"><\/div><\/div><\/div><div class=\"fusion-layout-column fusion_builder_column fusion-builder-column-1 fusion_builder_column_2_3 2_3 fusion-two-third fusion-column-first inhalt\" style=\"--awb-bg-size:cover;width:65.3333%; margin-right: 4%;\"><div class=\"fusion-column-wrapper fusion-flex-column-wrapper-legacy\"><div class=\"fusion-title title fusion-title-1 fusion-title-text fusion-title-size-one\" style=\"--awb-margin-top-small:10px;--awb-margin-right-small:0px;--awb-margin-bottom-small:10px;--awb-margin-left-small:0px;\"><h1 class=\"fusion-title-heading title-heading-left\" style=\"margin:0;\">InSystem &#8211; Hohe Sicherheit dank starker Konzepte<\/h1><span class=\"awb-title-spacer\"><\/span><div class=\"title-sep-container\"><div class=\"title-sep sep-double sep-solid\" style=\"border-color:#e0dede;\"><\/div><\/div><\/div><div class=\"fusion-text fusion-text-1\"><p>Ein wichtiges Thema f\u00fcr jedes Unternehmen sollte die IT-Sicherheit sein.<\/p>\n<p>Da in nahezu jedem Unternehmen personenbezogene Daten digital verarbeitet und auch gespeichert werden bestehen f\u00fcr diese gesetzliche Vorgaben zum Datenschutz. Wir k\u00f6nnen Sie bei der Umsetzung dieser Vorgaben unterst\u00fctzen.<\/p>\n<p>Als Schutz vor Angreifern auf die IT Ihres Unternehmens ist eine gute und richtig konfigurierte Firewall unabl\u00e4ssig. Hier bietet InSystem Ihnen durch lange Erfahrung mit den Routern der Firma Bintec und den in den Routern integrierten Firewalls L\u00f6sungen f\u00fcr Ihr Unternehmen. Ebenfalls k\u00f6nnen wir Ihnen leistungsstarke Standalone-Firewalls von Securepoint anbieten.<\/p>\n<p>Trotz hohen organisatorischen Sicherheitsma\u00dfnahmen und guten Firewalls k\u00f6nnen Computer durch Schwachstellen mit Viren und Trojanern infiziert werden. Hier bietet Ihnen InSystem mit dem Hersteller ESET sehr gutes Antivirenprogramm.<\/p>\n<p>Um die Daten Ihrer Server oder die Server selber zu sichern gibt es viele M\u00f6glichkeiten. Gerne beraten wir Sie und erstellen eine individuelle L\u00f6sung f\u00fcr Ihr Unternehmen. Hierbei greifen wir auf Produkte von Symantec, Altaro und Veeam zur\u00fcck.<\/p>\n<p>Durch zahlreiche Einrichtungen von Video\u00fcberwachungssystemen sind wir ein kompetenter Partner f\u00fcr die Planung und Installation einer Video\u00fcberwachung in Ihrer Firma. Dabei bieten wir passende Kameras sowohl f\u00fcr den Indoor- als auch f\u00fcr den Outdoorbereich. Au\u00dferdem k\u00f6nnen wir Ihnen Kameras mit Restlichtverst\u00e4rkung oder Infrarotsensoren anbieten, damit Sie auch bei schlechtem Licht etwas sehen k\u00f6nnen.<\/p>\n<\/div><div class=\"fusion-sep-clear\"><\/div><div class=\"fusion-separator fusion-full-width-sep\" style=\"margin-left: auto;margin-right: auto;margin-top:10px;width:100%;\"><\/div><div class=\"fusion-sep-clear\"><\/div><div class=\"fusion-clearfix\"><\/div><\/div><\/div><div class=\"fusion-layout-column fusion_builder_column fusion-builder-column-2 fusion_builder_column_1_3 1_3 fusion-one-third fusion-column-last\" style=\"--awb-bg-size:cover;width:30.6666%;\"><div class=\"fusion-column-wrapper fusion-flex-column-wrapper-legacy\"><div class=\"fusion-text fusion-text-2\"><div class=\"su-box su-box-style-default\" id=\"\" style=\"border-color:#ae0000;border-radius:3px;max-width:none\"><div class=\"su-box-title\" style=\"background-color:#E11A2D;color:#FFFFFF;border-top-left-radius:1px;border-top-right-radius:1px\">IT-Tipps<\/div><div class=\"su-box-content su-u-clearfix su-u-trim\" style=\"border-bottom-left-radius:1px;border-bottom-right-radius:1px\"><div class=\"fusion-recent-posts fusion-recent-posts-1 avada-container layout-default layout-columns-1\"><section class=\"fusion-columns columns fusion-columns-1 columns-1\"><article class=\"post fusion-column column col col-lg-12 col-md-12 col-sm-12\"><div class=\"recent-posts-content\"><span class=\"vcard\" style=\"display: none;\"><span class=\"fn\"><a href=\"https:\/\/systemhaus-rheine.de\/wp1\/author\/wp_admin\/\" title=\"Beitr\u00e4ge von wp_admin\" rel=\"author\">wp_admin<\/a><\/span><\/span><span class=\"updated\" style=\"display:none;\">2023-04-15T16:47:48+02:00<\/span><h4 class=\"entry-title\"><a href=\"https:\/\/systemhaus-rheine.de\/wp1\/autonome-e-trucks-eine-transport-revolution\/\">Autonome E-Trucks \u2013 Eine Transport-Revolution?<\/a><\/h4><\/div><\/article><article class=\"post fusion-column column col col-lg-12 col-md-12 col-sm-12\"><div class=\"recent-posts-content\"><span class=\"vcard\" style=\"display: none;\"><span class=\"fn\"><a href=\"https:\/\/systemhaus-rheine.de\/wp1\/author\/wp_admin\/\" title=\"Beitr\u00e4ge von wp_admin\" rel=\"author\">wp_admin<\/a><\/span><\/span><span class=\"updated\" style=\"display:none;\">2023-04-15T16:55:34+02:00<\/span><h4 class=\"entry-title\"><a href=\"https:\/\/systemhaus-rheine.de\/wp1\/sind-windows-updates-wirklich-wichtig\/\">Sind Windows-Updates wirklich wichtig?<\/a><\/h4><\/div><\/article><article class=\"post fusion-column column col col-lg-12 col-md-12 col-sm-12\"><div class=\"recent-posts-content\"><span class=\"vcard\" style=\"display: none;\"><span class=\"fn\"><a href=\"https:\/\/systemhaus-rheine.de\/wp1\/author\/wp_admin\/\" title=\"Beitr\u00e4ge von wp_admin\" rel=\"author\">wp_admin<\/a><\/span><\/span><span class=\"updated\" style=\"display:none;\">2023-04-15T16:45:21+02:00<\/span><h4 class=\"entry-title\"><a href=\"https:\/\/systemhaus-rheine.de\/wp1\/wifi-6-was-bringt-der-neue-standard\/\">WiFi 6 \u2013 Was bringt der neue Standard?<\/a><\/h4><\/div><\/article><article class=\"post fusion-column column col col-lg-12 col-md-12 col-sm-12\"><div class=\"recent-posts-content\"><span class=\"vcard\" style=\"display: none;\"><span class=\"fn\"><a href=\"https:\/\/systemhaus-rheine.de\/wp1\/author\/wp_admin\/\" title=\"Beitr\u00e4ge von wp_admin\" rel=\"author\">wp_admin<\/a><\/span><\/span><span class=\"updated\" style=\"display:none;\">2023-04-15T16:42:13+02:00<\/span><h4 class=\"entry-title\"><a href=\"https:\/\/systemhaus-rheine.de\/wp1\/zwei-faktor-authentifizierung-was-hat-das-mit-it-sicherheit-zu-tun\/\">Zwei-Faktor-Authentifizierung, was hat das mit IT-Sicherheit zu tun?<\/a><\/h4><\/div><\/article><article class=\"post fusion-column column col col-lg-12 col-md-12 col-sm-12\"><div class=\"recent-posts-content\"><span class=\"vcard\" style=\"display: none;\"><span class=\"fn\"><a href=\"https:\/\/systemhaus-rheine.de\/wp1\/author\/wp_admin\/\" title=\"Beitr\u00e4ge von wp_admin\" rel=\"author\">wp_admin<\/a><\/span><\/span><span class=\"updated\" style=\"display:none;\">2022-09-26T14:53:34+02:00<\/span><h4 class=\"entry-title\"><a href=\"https:\/\/systemhaus-rheine.de\/wp1\/firefox-quantum-schneller-und-effizienter-arbeiten\/\">Firefox Quantum &#8211; schneller und effizienter arbeiten<\/a><\/h4><\/div><\/article><\/section><\/div><a href=\"http:\/\/www.systemhaus-rheine.de\/wp1\/insystem-blog\/\">mehr&#8230;<\/a><\/div><\/div>\n<\/div><div class=\"fusion-text fusion-text-3\"><div class=\"su-box su-box-style-default\" id=\"\" style=\"border-color:#ae0000;border-radius:3px;max-width:none\"><div class=\"su-box-title\" style=\"background-color:#E11A2D;color:#FFFFFF;border-top-left-radius:1px;border-top-right-radius:1px\">Links<\/div><div class=\"su-box-content su-u-clearfix su-u-trim\" style=\"border-bottom-left-radius:1px;border-bottom-right-radius:1px\"><style type=\"text\/css\">div#tagcloud { margin-bottom: 50px; width: 90%; margin-left: auto; margin-right: auto; text-align: center; }<\/style><div id=\"tagcloud\"><a href=\"https:\/\/systemhaus-rheine.de\/wp1\/tag\/archivierung\/\" class=\"tag-cloud-link tag-link-58 tag-link-position-1\" aria-label=\"Archivierung (2\u00a0Eintr\u00e4ge)\">Archivierung<\/a>\n<a href=\"https:\/\/systemhaus-rheine.de\/wp1\/tag\/belegvorerfassung\/\" class=\"tag-cloud-link tag-link-71 tag-link-position-2\" aria-label=\"Belegvorerfassung (3\u00a0Eintr\u00e4ge)\">Belegvorerfassung<\/a>\n<a href=\"https:\/\/systemhaus-rheine.de\/wp1\/tag\/drucker\/\" class=\"tag-cloud-link tag-link-41 tag-link-position-3\" aria-label=\"Drucker (1\u00a0Eintrag)\">Drucker<\/a>\n<a href=\"https:\/\/systemhaus-rheine.de\/wp1\/tag\/e-mail\/\" class=\"tag-cloud-link tag-link-42 tag-link-position-4\" aria-label=\"E-Mail (1\u00a0Eintrag)\">E-Mail<\/a>\n<a href=\"https:\/\/systemhaus-rheine.de\/wp1\/tag\/erp\/\" class=\"tag-cloud-link tag-link-48 tag-link-position-5\" aria-label=\"ERP (1\u00a0Eintrag)\">ERP<\/a>\n<a href=\"https:\/\/systemhaus-rheine.de\/wp1\/tag\/fax\/\" class=\"tag-cloud-link tag-link-45 tag-link-position-6\" aria-label=\"Fax (1\u00a0Eintrag)\">Fax<\/a>\n<a href=\"https:\/\/systemhaus-rheine.de\/wp1\/tag\/gastronomie\/\" class=\"tag-cloud-link tag-link-53 tag-link-position-7\" aria-label=\"Gastronomie (2\u00a0Eintr\u00e4ge)\">Gastronomie<\/a>\n<a href=\"https:\/\/systemhaus-rheine.de\/wp1\/tag\/hardware\/\" class=\"tag-cloud-link tag-link-55 tag-link-position-8\" aria-label=\"Hardware (3\u00a0Eintr\u00e4ge)\">Hardware<\/a>\n<a href=\"https:\/\/systemhaus-rheine.de\/wp1\/tag\/internet\/\" class=\"tag-cloud-link tag-link-37 tag-link-position-9\" aria-label=\"Internet (1\u00a0Eintrag)\">Internet<\/a>\n<a href=\"https:\/\/systemhaus-rheine.de\/wp1\/tag\/literaturverzeichnis\/\" class=\"tag-cloud-link tag-link-68 tag-link-position-10\" aria-label=\"Literaturverzeichnis (1\u00a0Eintrag)\">Literaturverzeichnis<\/a>\n<a href=\"https:\/\/systemhaus-rheine.de\/wp1\/tag\/netzwerk\/\" class=\"tag-cloud-link tag-link-57 tag-link-position-11\" aria-label=\"Netzwerk (1\u00a0Eintrag)\">Netzwerk<\/a>\n<a href=\"https:\/\/systemhaus-rheine.de\/wp1\/tag\/quellenangaben\/\" class=\"tag-cloud-link tag-link-69 tag-link-position-12\" aria-label=\"Quellenangaben (1\u00a0Eintrag)\">Quellenangaben<\/a>\n<a href=\"https:\/\/systemhaus-rheine.de\/wp1\/tag\/security\/\" class=\"tag-cloud-link tag-link-50 tag-link-position-13\" aria-label=\"Security (1\u00a0Eintrag)\">Security<\/a>\n<a href=\"https:\/\/systemhaus-rheine.de\/wp1\/tag\/server\/\" class=\"tag-cloud-link tag-link-38 tag-link-position-14\" aria-label=\"Server (2\u00a0Eintr\u00e4ge)\">Server<\/a>\n<a href=\"https:\/\/systemhaus-rheine.de\/wp1\/tag\/service\/\" class=\"tag-cloud-link tag-link-34 tag-link-position-15\" aria-label=\"Service (7\u00a0Eintr\u00e4ge)\">Service<\/a>\n<a href=\"https:\/\/systemhaus-rheine.de\/wp1\/tag\/sicherheit\/\" class=\"tag-cloud-link tag-link-43 tag-link-position-16\" aria-label=\"Sicherheit (1\u00a0Eintrag)\">Sicherheit<\/a>\n<a href=\"https:\/\/systemhaus-rheine.de\/wp1\/tag\/software\/\" class=\"tag-cloud-link tag-link-39 tag-link-position-17\" aria-label=\"Software (4\u00a0Eintr\u00e4ge)\">Software<\/a>\n<a href=\"https:\/\/systemhaus-rheine.de\/wp1\/tag\/telefonie\/\" class=\"tag-cloud-link tag-link-46 tag-link-position-18\" aria-label=\"Telefonie (1\u00a0Eintrag)\">Telefonie<\/a>\n<a href=\"https:\/\/systemhaus-rheine.de\/wp1\/tag\/telekommunikation\/\" class=\"tag-cloud-link tag-link-40 tag-link-position-19\" aria-label=\"Telekommunikation (1\u00a0Eintrag)\">Telekommunikation<\/a>\n<a href=\"https:\/\/systemhaus-rheine.de\/wp1\/tag\/warenwirtschaft\/\" class=\"tag-cloud-link tag-link-47 tag-link-position-20\" aria-label=\"Warenwirtschaft (1\u00a0Eintrag)\">Warenwirtschaft<\/a>\n<a href=\"https:\/\/systemhaus-rheine.de\/wp1\/tag\/word-2016\/\" class=\"tag-cloud-link tag-link-70 tag-link-position-21\" aria-label=\"Word 2016 (1\u00a0Eintrag)\">Word 2016<\/a><\/div><\/div><\/div>\n<\/div><div class=\"fusion-clearfix\"><\/div><\/div><\/div><div class=\"fusion-layout-column fusion_builder_column fusion-builder-column-3 fusion_builder_column_1_1 1_1 fusion-one-full fusion-column-first fusion-column-last fusion-column-no-min-height\" style=\"--awb-bg-size:cover;--awb-margin-bottom:0px;\"><div class=\"fusion-column-wrapper fusion-flex-column-wrapper-legacy\"><div class=\"fusion-title title fusion-title-2 fusion-title-text fusion-title-size-two\" style=\"--awb-margin-top-small:10px;--awb-margin-right-small:0px;--awb-margin-bottom-small:10px;--awb-margin-left-small:0px;\"><h2 class=\"fusion-title-heading title-heading-left\" style=\"margin:0;\">F\u00fcr den Schutz Ihrer IT und aller Unternehmensbereiche<\/h2><span class=\"awb-title-spacer\"><\/span><div class=\"title-sep-container\"><div class=\"title-sep sep-single sep-solid\" style=\"border-color:#e0dede;\"><\/div><\/div><\/div><div class=\"fusion-clearfix\"><\/div><\/div><\/div><div class=\"fusion-layout-column fusion_builder_column fusion-builder-column-4 fusion_builder_column_1_4 1_4 fusion-one-fourth fusion-column-first\" style=\"--awb-bg-size:cover;width:22%; margin-right: 4%;\"><div class=\"fusion-column-wrapper fusion-flex-column-wrapper-legacy\"><div class=\"fusion-text fusion-text-4\"><p><a href=\"http:\/\/www.systemhaus-rheine.de\/wp1\/wp-content\/uploads\/2015\/02\/IT-Sicherheit-Security-Schutz-Systemhaus-Rheine-940x600.jpg\" rel=\"prettyPhoto\"><img decoding=\"async\" class=\"alignnone\" src=\"http:\/\/www.systemhaus-rheine.de\/wp1\/wp-content\/uploads\/2015\/02\/IT-Sicherheit-Security-Schutz-Systemhaus-Rheine-940x600.jpg\" alt=\"Sicherheit\" width=\"940\" height=\"600\" \/><\/a><\/p>\n<\/div><div class=\"fusion-clearfix\"><\/div><\/div><\/div><div class=\"fusion-layout-column fusion_builder_column fusion-builder-column-5 fusion_builder_column_1_4 1_4 fusion-one-fourth\" style=\"--awb-bg-size:cover;width:22%; margin-right: 4%;\"><div class=\"fusion-column-wrapper fusion-flex-column-wrapper-legacy\"><div class=\"fusion-text fusion-text-5\"><p><a href=\"http:\/\/www.systemhaus-rheine.de\/wp1\/wp-content\/uploads\/2015\/02\/IT-Sicherheit-Security-Schutz-Firewall-Systemhaus-Rheine-940x600.jpg\" rel=\"prettyPhoto\"><img decoding=\"async\" class=\"alignnone\" src=\"http:\/\/www.systemhaus-rheine.de\/wp1\/wp-content\/uploads\/2015\/02\/IT-Sicherheit-Security-Schutz-Firewall-Systemhaus-Rheine-940x600.jpg\" alt=\"Sicherheit Firewall\" width=\"940\" height=\"600\" \/><\/a><\/p>\n<\/div><div class=\"fusion-clearfix\"><\/div><\/div><\/div><div class=\"fusion-layout-column fusion_builder_column fusion-builder-column-6 fusion_builder_column_1_4 1_4 fusion-one-fourth\" style=\"--awb-bg-size:cover;width:22%; margin-right: 4%;\"><div class=\"fusion-column-wrapper fusion-flex-column-wrapper-legacy\"><div class=\"fusion-text fusion-text-6\"><p><a href=\"http:\/\/www.systemhaus-rheine.de\/wp1\/wp-content\/uploads\/2015\/01\/Kamera\u00fcberwachung-940x600.jpg\" rel=\"prettyPhoto\"><img decoding=\"async\" class=\"alignnone\" src=\"http:\/\/www.systemhaus-rheine.de\/wp1\/wp-content\/uploads\/2015\/01\/Kamera\u00fcberwachung-940x600.jpg\" alt=\"Sicherheit \u00dcberwachung\" width=\"940\" height=\"600\" \/><\/a><\/p>\n<\/div><div class=\"fusion-clearfix\"><\/div><\/div><\/div><div class=\"fusion-layout-column fusion_builder_column fusion-builder-column-7 fusion_builder_column_1_4 1_4 fusion-one-fourth fusion-column-last\" style=\"--awb-bg-size:cover;width:22%;\"><div class=\"fusion-column-wrapper fusion-flex-column-wrapper-legacy\"><div class=\"fusion-text fusion-text-7\"><p><a href=\"http:\/\/www.systemhaus-rheine.de\/wp1\/wp-content\/uploads\/2015\/01\/Tablet-Login-940x600.jpg\" rel=\"prettyPhoto\"><img decoding=\"async\" class=\"alignnone\" src=\"http:\/\/www.systemhaus-rheine.de\/wp1\/wp-content\/uploads\/2015\/01\/Tablet-Login-940x600.jpg\" alt=\"Sicherheit Login\" width=\"940\" height=\"600\" \/><\/a><\/p>\n<\/div><div class=\"fusion-clearfix\"><\/div><\/div><\/div><\/div><\/div>\n","protected":false},"excerpt":{"rendered":"","protected":false},"author":1,"featured_media":0,"parent":0,"menu_order":0,"comment_status":"open","ping_status":"closed","template":"","meta":{"footnotes":""},"categories":[],"tags":[50,43],"class_list":["post-11313","page","type-page","status-publish","hentry","tag-security","tag-sicherheit"],"_links":{"self":[{"href":"https:\/\/systemhaus-rheine.de\/wp1\/wp-json\/wp\/v2\/pages\/11313","targetHints":{"allow":["GET"]}}],"collection":[{"href":"https:\/\/systemhaus-rheine.de\/wp1\/wp-json\/wp\/v2\/pages"}],"about":[{"href":"https:\/\/systemhaus-rheine.de\/wp1\/wp-json\/wp\/v2\/types\/page"}],"author":[{"embeddable":true,"href":"https:\/\/systemhaus-rheine.de\/wp1\/wp-json\/wp\/v2\/users\/1"}],"replies":[{"embeddable":true,"href":"https:\/\/systemhaus-rheine.de\/wp1\/wp-json\/wp\/v2\/comments?post=11313"}],"version-history":[{"count":0,"href":"https:\/\/systemhaus-rheine.de\/wp1\/wp-json\/wp\/v2\/pages\/11313\/revisions"}],"wp:attachment":[{"href":"https:\/\/systemhaus-rheine.de\/wp1\/wp-json\/wp\/v2\/media?parent=11313"}],"wp:term":[{"taxonomy":"category","embeddable":true,"href":"https:\/\/systemhaus-rheine.de\/wp1\/wp-json\/wp\/v2\/categories?post=11313"},{"taxonomy":"post_tag","embeddable":true,"href":"https:\/\/systemhaus-rheine.de\/wp1\/wp-json\/wp\/v2\/tags?post=11313"}],"curies":[{"name":"wp","href":"https:\/\/api.w.org\/{rel}","templated":true}]}}