{"id":11309,"date":"2014-12-18T11:32:22","date_gmt":"2014-12-18T09:32:22","guid":{"rendered":"http:\/\/www.systemhaus-rheine.de\/wp1\/?page_id=11309"},"modified":"2018-05-14T17:03:18","modified_gmt":"2018-05-14T15:03:18","slug":"software","status":"publish","type":"page","link":"https:\/\/systemhaus-rheine.de\/wp1\/software\/","title":{"rendered":"Software"},"content":{"rendered":"<div class=\"fusion-fullwidth fullwidth-box fusion-builder-row-1 hundred-percent-fullwidth non-hundred-percent-height-scrolling\" style=\"--awb-border-radius-top-left:0px;--awb-border-radius-top-right:0px;--awb-border-radius-bottom-right:0px;--awb-border-radius-bottom-left:0px;--awb-overflow:visible;--awb-flex-wrap:wrap;\" ><div class=\"fusion-builder-row fusion-row\"><div class=\"fusion-layout-column fusion_builder_column fusion-builder-column-0 fusion_builder_column_1_1 1_1 fusion-one-full fusion-column-first fusion-column-last fusion-column-no-min-height\" style=\"--awb-bg-size:cover;--awb-margin-bottom:0px;\"><div class=\"fusion-column-wrapper fusion-flex-column-wrapper-legacy\"><div class=\"fusion-slider-sc fusion-flexslider-loading flexslider flexslider-hover-type-none\" data-slideshow_autoplay=\"1\" data-slideshow_smooth_height=\"0\" data-slideshow_speed=\"7000\" style=\"max-width:100%;height:100%;\"><ul class=\"slides\"><li class=\"image\"><span class=\"fusion-image-hover-element hover-type-none\"><img decoding=\"async\" src=\"http:\/\/www.systemhaus-rheine.de\/wp1\/wp-content\/uploads\/2015\/01\/CAD-Software-1024x320-1024x320.jpg\" \/><\/span><\/li><li class=\"image\"><span class=\"fusion-image-hover-element hover-type-none\"><img decoding=\"async\" src=\"http:\/\/www.systemhaus-rheine.de\/wp1\/wp-content\/uploads\/2015\/01\/Autohaus-1024x320-1024x320.jpg\" \/><\/span><\/li><li class=\"image\"><span class=\"fusion-image-hover-element hover-type-none\"><img decoding=\"async\" src=\"http:\/\/www.systemhaus-rheine.de\/wp1\/wp-content\/uploads\/2015\/01\/Software-Industrie-1024x320-1024x322.jpg\" \/><\/span><\/li><\/ul><\/div><div class=\"fusion-clearfix\"><\/div><\/div><\/div><div class=\"fusion-layout-column fusion_builder_column fusion-builder-column-1 fusion_builder_column_2_3 2_3 fusion-two-third fusion-column-first inhalt\" style=\"--awb-bg-size:cover;width:65.3333%; margin-right: 4%;\"><div class=\"fusion-column-wrapper fusion-flex-column-wrapper-legacy\"><div class=\"fusion-title title fusion-title-1 fusion-title-text fusion-title-size-one\" style=\"--awb-margin-top-small:10px;--awb-margin-right-small:0px;--awb-margin-bottom-small:10px;--awb-margin-left-small:0px;\"><h1 class=\"fusion-title-heading title-heading-left\" style=\"margin:0;\">Software &#8211; Betriebssysteme bis Branchenl\u00f6sungen<\/h1><span class=\"awb-title-spacer\"><\/span><div class=\"title-sep-container\"><div class=\"title-sep sep-double sep-solid\" style=\"border-color:#e0dede;\"><\/div><\/div><\/div><div class=\"fusion-text fusion-text-1\"><p>Moderne Softwarel\u00f6sungen sind genauso wichtig f\u00fcr Ihr Unternehmen wie die passendende Hardware. Daher setzen wir bei der Auswahl unserer Softwarelieferanten auf starke Partner.<\/p>\n<p><img decoding=\"async\" class=\"aligncenter wp-image-13120 size-full\" src=\"http:\/\/www.systemhaus-rheine.de\/wp1\/wp-content\/uploads\/2015\/02\/microsoft-logo-klein.png\" alt=\"microsoft logo klein\" width=\"200\" height=\"45\" \/><\/p>\n<p>Microsoft liefert uns die Betriebssysteme, die als Grundstein der f\u00fcr Sie angepassten Softwarel\u00f6sungen dienen. Die von Microsoft entwickelten Systeme f\u00fcr Server und Workstations sind weit verbreitet und werden von den Herstellern von Standard- und Branchensoftware unterst\u00fctzt.<\/p>\n<p><a href=\"https:\/\/www.microtech.de\/\"><img decoding=\"async\" class=\"aligncenter wp-image-15048\" src=\"https:\/\/systemhaus-rheine.de\/wp1\/wp-content\/uploads\/2018\/01\/microtech-partnerlogo-bronze-print.jpg\" alt=\"\" width=\"217\" height=\"64\" \/><\/a><\/p>\n<p>Als\u00a0Bronze Partner bieten wir Ihnen zusammen mit microtech leistungsstarke L\u00f6sungen f\u00fcr Ihr Unternehmen. Mit microtech b\u00fcro+ k\u00f6nnen wir Ihnen ein Produkt anbieten, mit dem Sie die Auftragsverwaltung und Warenwirtschaft, die Finanzbuchhaltung und auch die Lohn- und Gehaltsabrechnungen Ihres Unternehmens im Griff haben.<\/p>\n<p>Mit microtech ERP-complete steht Ihnen auch eine komplette ERP L\u00f6sung bereit, die mit Ihrem Unternehmen wachsen kann.<\/p>\n<div>\n<p><img decoding=\"async\" class=\"aligncenter wp-image-13119 size-full\" src=\"http:\/\/www.systemhaus-rheine.de\/wp1\/wp-content\/uploads\/2015\/02\/logo_datev-klein.png\" alt=\"logo_datev klein\" width=\"86\" height=\"85\" srcset=\"https:\/\/systemhaus-rheine.de\/wp1\/wp-content\/uploads\/2015\/02\/logo_datev-klein-52x50.png 52w, https:\/\/systemhaus-rheine.de\/wp1\/wp-content\/uploads\/2015\/02\/logo_datev-klein.png 86w\" sizes=\"(max-width: 86px) 100vw, 86px\" \/><\/p>\n<p>Durch jahrelange Erfahrung bei der Installation und Wartung der L\u00f6sungen von DATEV f\u00fcr die Finanzbuchf\u00fchrung und die Lohn- und Gehaltsabrechnung sind wir ein kompetenter Partner f\u00fcr Ihre Firma.<\/p>\n<p><img decoding=\"async\" class=\"size-medium wp-image-17379 aligncenter\" src=\"https:\/\/systemhaus-rheine.de\/wp1\/wp-content\/uploads\/2018\/05\/ecodms-qpr-logo-desktopversion-300x143.png\" alt=\"ecoDMS Qualified Premium Reseller\" width=\"300\" height=\"143\" srcset=\"https:\/\/systemhaus-rheine.de\/wp1\/wp-content\/uploads\/2018\/05\/ecodms-qpr-logo-desktopversion-200x95.png 200w, https:\/\/systemhaus-rheine.de\/wp1\/wp-content\/uploads\/2018\/05\/ecodms-qpr-logo-desktopversion-300x143.png 300w, https:\/\/systemhaus-rheine.de\/wp1\/wp-content\/uploads\/2018\/05\/ecodms-qpr-logo-desktopversion-400x190.png 400w, https:\/\/systemhaus-rheine.de\/wp1\/wp-content\/uploads\/2018\/05\/ecodms-qpr-logo-desktopversion.png 600w\" sizes=\"(max-width: 300px) 100vw, 300px\" \/><\/p>\n<p>ecoDMS ist eine revisionssichere Dokumentenarchivierung die sich an Ihre Bed\u00fcrfnisse anpasst und mit Ihrem Unternehmen problemlos mitw\u00e4chst. Als Qualified Premium Reseller k\u00f6nnen wir Sie bei Ihrem Weg in das papierlose B\u00fcro, angefangen von Planung bis zu Inbetriebnahme und dar\u00fcber hinaus, optimal begleiten.<\/p>\n<ul class=\"kiwi-logo-carousel kiwi-logo-carousel-software default align-center col4\"><li style=\"height:85px;\" ><div class=\"helper\" style=\"height:85px; width:200px;\" ><img decoding=\"async\" src=\"https:\/\/systemhaus-rheine.de\/wp1\/wp-content\/uploads\/2015\/02\/Altaro-Logo-klein.png\" alt=\"Altaro\" title=\"Altaro\" style=\"max-width:200px; padding-left: 8px; padding-right:8px\" ><\/div><\/li><li style=\"height:85px;\" ><div class=\"helper\" style=\"height:85px; width:200px;\" ><img decoding=\"async\" src=\"https:\/\/systemhaus-rheine.de\/wp1\/wp-content\/uploads\/2015\/02\/symantec-logo-klein.png\" alt=\"Symantec\" title=\"Symantec\" style=\"max-width:200px; padding-left: 8px; padding-right:8px\" ><\/div><\/li><li style=\"height:85px;\" ><div class=\"helper\" style=\"height:85px; width:200px;\" ><img decoding=\"async\" src=\"https:\/\/systemhaus-rheine.de\/wp1\/wp-content\/uploads\/2015\/02\/eset_logo_klein.png\" alt=\"ESET\" title=\"ESET\" style=\"max-width:200px; padding-left: 8px; padding-right:8px\" ><\/div><\/li><li style=\"height:85px;\" ><div class=\"helper\" style=\"height:85px; width:200px;\" ><img decoding=\"async\" src=\"https:\/\/systemhaus-rheine.de\/wp1\/wp-content\/uploads\/2015\/02\/veeam_2014_logo_klein.png\" alt=\"veeam\" title=\"veeam\" style=\"max-width:200px; padding-left: 8px; padding-right:8px\" ><\/div><\/li><li style=\"height:85px;\" ><div class=\"helper\" style=\"height:85px; width:200px;\" ><img decoding=\"async\" src=\"https:\/\/systemhaus-rheine.de\/wp1\/wp-content\/uploads\/2015\/02\/VMware_logo_klein.png\" alt=\"VMware\" title=\"VMware\" style=\"max-width:200px; padding-left: 8px; padding-right:8px\" ><\/div><\/li><\/ul>\n<p>Ein wichtiger Faktor bei Servern ist die Datensicherung. Hierzu ben\u00f6tigt man zuverl\u00e4ssige Software mit den passenden Features f\u00fcr Ihre Anforderungen. Dazu k\u00f6nnen wir auf Erfahrungen mit unterschiedlichen L\u00f6sungen wie Backup Exec von Symantec, <a href=\"http:\/\/www.altarosoftware.de\/\">Altaro Hyper-V Backup<\/a> und Veeam zur\u00fcckgreifen und das f\u00fcr Ihr Unternehmen passende Produkt w\u00e4hlen.<\/p>\n<p><a href=\"http:\/\/www.altarosoftware.de\/\"><img decoding=\"async\" class=\" wp-image-13354 aligncenter\" src=\"http:\/\/www.systemhaus-rheine.de\/wp1\/wp-content\/uploads\/2015\/06\/Logo_gross-300x148.png\" alt=\"Logo_gross\" width=\"157\" height=\"77\" srcset=\"https:\/\/systemhaus-rheine.de\/wp1\/wp-content\/uploads\/2015\/06\/Logo_gross-300x148.png 300w, https:\/\/systemhaus-rheine.de\/wp1\/wp-content\/uploads\/2015\/06\/Logo_gross.png 723w\" sizes=\"(max-width: 157px) 100vw, 157px\" \/><\/a><\/p>\n<\/div>\n<\/div><div class=\"fusion-sep-clear\"><\/div><div class=\"fusion-separator fusion-full-width-sep\" style=\"margin-left: auto;margin-right: auto;margin-top:10px;width:100%;\"><\/div><div class=\"fusion-sep-clear\"><\/div><div class=\"fusion-clearfix\"><\/div><\/div><\/div><div class=\"fusion-layout-column fusion_builder_column fusion-builder-column-2 fusion_builder_column_1_3 1_3 fusion-one-third fusion-column-last\" style=\"--awb-bg-size:cover;width:30.6666%;\"><div class=\"fusion-column-wrapper fusion-flex-column-wrapper-legacy\"><div class=\"fusion-text fusion-text-2\"><div class=\"su-box su-box-style-default\" id=\"\" style=\"border-color:#ae0000;border-radius:3px;max-width:none\"><div class=\"su-box-title\" style=\"background-color:#E11A2D;color:#FFFFFF;border-top-left-radius:1px;border-top-right-radius:1px\">IT-Tipps<\/div><div class=\"su-box-content su-u-clearfix su-u-trim\" style=\"border-bottom-left-radius:1px;border-bottom-right-radius:1px\"><div class=\"fusion-recent-posts fusion-recent-posts-1 avada-container layout-default layout-columns-1\"><section class=\"fusion-columns columns fusion-columns-1 columns-1\"><article class=\"post fusion-column column col col-lg-12 col-md-12 col-sm-12\"><div class=\"recent-posts-content\"><span class=\"vcard\" style=\"display: none;\"><span class=\"fn\"><a href=\"https:\/\/systemhaus-rheine.de\/wp1\/author\/wp_admin\/\" title=\"Beitr\u00e4ge von wp_admin\" rel=\"author\">wp_admin<\/a><\/span><\/span><span class=\"updated\" style=\"display:none;\">2023-04-15T16:47:48+02:00<\/span><h4 class=\"entry-title\"><a href=\"https:\/\/systemhaus-rheine.de\/wp1\/autonome-e-trucks-eine-transport-revolution\/\">Autonome E-Trucks \u2013 Eine Transport-Revolution?<\/a><\/h4><\/div><\/article><article class=\"post fusion-column column col col-lg-12 col-md-12 col-sm-12\"><div class=\"recent-posts-content\"><span class=\"vcard\" style=\"display: none;\"><span class=\"fn\"><a href=\"https:\/\/systemhaus-rheine.de\/wp1\/author\/wp_admin\/\" title=\"Beitr\u00e4ge von wp_admin\" rel=\"author\">wp_admin<\/a><\/span><\/span><span class=\"updated\" style=\"display:none;\">2023-04-15T16:55:34+02:00<\/span><h4 class=\"entry-title\"><a href=\"https:\/\/systemhaus-rheine.de\/wp1\/sind-windows-updates-wirklich-wichtig\/\">Sind Windows-Updates wirklich wichtig?<\/a><\/h4><\/div><\/article><article class=\"post fusion-column column col col-lg-12 col-md-12 col-sm-12\"><div class=\"recent-posts-content\"><span class=\"vcard\" style=\"display: none;\"><span class=\"fn\"><a href=\"https:\/\/systemhaus-rheine.de\/wp1\/author\/wp_admin\/\" title=\"Beitr\u00e4ge von wp_admin\" rel=\"author\">wp_admin<\/a><\/span><\/span><span class=\"updated\" style=\"display:none;\">2023-04-15T16:45:21+02:00<\/span><h4 class=\"entry-title\"><a href=\"https:\/\/systemhaus-rheine.de\/wp1\/wifi-6-was-bringt-der-neue-standard\/\">WiFi 6 \u2013 Was bringt der neue Standard?<\/a><\/h4><\/div><\/article><article class=\"post fusion-column column col col-lg-12 col-md-12 col-sm-12\"><div class=\"recent-posts-content\"><span class=\"vcard\" style=\"display: none;\"><span class=\"fn\"><a href=\"https:\/\/systemhaus-rheine.de\/wp1\/author\/wp_admin\/\" title=\"Beitr\u00e4ge von wp_admin\" rel=\"author\">wp_admin<\/a><\/span><\/span><span class=\"updated\" style=\"display:none;\">2023-04-15T16:42:13+02:00<\/span><h4 class=\"entry-title\"><a href=\"https:\/\/systemhaus-rheine.de\/wp1\/zwei-faktor-authentifizierung-was-hat-das-mit-it-sicherheit-zu-tun\/\">Zwei-Faktor-Authentifizierung, was hat das mit IT-Sicherheit zu tun?<\/a><\/h4><\/div><\/article><article class=\"post fusion-column column col col-lg-12 col-md-12 col-sm-12\"><div class=\"recent-posts-content\"><span class=\"vcard\" style=\"display: none;\"><span class=\"fn\"><a href=\"https:\/\/systemhaus-rheine.de\/wp1\/author\/wp_admin\/\" title=\"Beitr\u00e4ge von wp_admin\" rel=\"author\">wp_admin<\/a><\/span><\/span><span class=\"updated\" style=\"display:none;\">2022-09-26T14:53:34+02:00<\/span><h4 class=\"entry-title\"><a href=\"https:\/\/systemhaus-rheine.de\/wp1\/firefox-quantum-schneller-und-effizienter-arbeiten\/\">Firefox Quantum &#8211; schneller und effizienter arbeiten<\/a><\/h4><\/div><\/article><\/section><\/div><a href=\"http:\/\/www.systemhaus-rheine.de\/wp1\/insystem-blog\/\">mehr&#8230;<\/a><\/div><\/div>\n<\/div><div class=\"fusion-text fusion-text-3\"><div class=\"su-box su-box-style-default\" id=\"\" style=\"border-color:#ae0000;border-radius:3px;max-width:none\"><div class=\"su-box-title\" style=\"background-color:#E11A2D;color:#FFFFFF;border-top-left-radius:1px;border-top-right-radius:1px\">Links<\/div><div class=\"su-box-content su-u-clearfix su-u-trim\" style=\"border-bottom-left-radius:1px;border-bottom-right-radius:1px\"><style type=\"text\/css\">div#tagcloud { margin-bottom: 50px; width: 90%; margin-left: auto; margin-right: auto; text-align: center; }<\/style><div id=\"tagcloud\"><a href=\"https:\/\/systemhaus-rheine.de\/wp1\/tag\/archivierung\/\" class=\"tag-cloud-link tag-link-58 tag-link-position-1\" aria-label=\"Archivierung (2\u00a0Eintr\u00e4ge)\">Archivierung<\/a>\n<a href=\"https:\/\/systemhaus-rheine.de\/wp1\/tag\/belegvorerfassung\/\" class=\"tag-cloud-link tag-link-71 tag-link-position-2\" aria-label=\"Belegvorerfassung (3\u00a0Eintr\u00e4ge)\">Belegvorerfassung<\/a>\n<a href=\"https:\/\/systemhaus-rheine.de\/wp1\/tag\/drucker\/\" class=\"tag-cloud-link tag-link-41 tag-link-position-3\" aria-label=\"Drucker (1\u00a0Eintrag)\">Drucker<\/a>\n<a href=\"https:\/\/systemhaus-rheine.de\/wp1\/tag\/e-mail\/\" class=\"tag-cloud-link tag-link-42 tag-link-position-4\" aria-label=\"E-Mail (1\u00a0Eintrag)\">E-Mail<\/a>\n<a href=\"https:\/\/systemhaus-rheine.de\/wp1\/tag\/erp\/\" class=\"tag-cloud-link tag-link-48 tag-link-position-5\" aria-label=\"ERP (1\u00a0Eintrag)\">ERP<\/a>\n<a href=\"https:\/\/systemhaus-rheine.de\/wp1\/tag\/fax\/\" class=\"tag-cloud-link tag-link-45 tag-link-position-6\" aria-label=\"Fax (1\u00a0Eintrag)\">Fax<\/a>\n<a href=\"https:\/\/systemhaus-rheine.de\/wp1\/tag\/gastronomie\/\" class=\"tag-cloud-link tag-link-53 tag-link-position-7\" aria-label=\"Gastronomie (2\u00a0Eintr\u00e4ge)\">Gastronomie<\/a>\n<a href=\"https:\/\/systemhaus-rheine.de\/wp1\/tag\/hardware\/\" class=\"tag-cloud-link tag-link-55 tag-link-position-8\" aria-label=\"Hardware (3\u00a0Eintr\u00e4ge)\">Hardware<\/a>\n<a href=\"https:\/\/systemhaus-rheine.de\/wp1\/tag\/internet\/\" class=\"tag-cloud-link tag-link-37 tag-link-position-9\" aria-label=\"Internet (1\u00a0Eintrag)\">Internet<\/a>\n<a href=\"https:\/\/systemhaus-rheine.de\/wp1\/tag\/literaturverzeichnis\/\" class=\"tag-cloud-link tag-link-68 tag-link-position-10\" aria-label=\"Literaturverzeichnis (1\u00a0Eintrag)\">Literaturverzeichnis<\/a>\n<a href=\"https:\/\/systemhaus-rheine.de\/wp1\/tag\/netzwerk\/\" class=\"tag-cloud-link tag-link-57 tag-link-position-11\" aria-label=\"Netzwerk (1\u00a0Eintrag)\">Netzwerk<\/a>\n<a href=\"https:\/\/systemhaus-rheine.de\/wp1\/tag\/quellenangaben\/\" class=\"tag-cloud-link tag-link-69 tag-link-position-12\" aria-label=\"Quellenangaben (1\u00a0Eintrag)\">Quellenangaben<\/a>\n<a href=\"https:\/\/systemhaus-rheine.de\/wp1\/tag\/security\/\" class=\"tag-cloud-link tag-link-50 tag-link-position-13\" aria-label=\"Security (1\u00a0Eintrag)\">Security<\/a>\n<a href=\"https:\/\/systemhaus-rheine.de\/wp1\/tag\/server\/\" class=\"tag-cloud-link tag-link-38 tag-link-position-14\" aria-label=\"Server (2\u00a0Eintr\u00e4ge)\">Server<\/a>\n<a href=\"https:\/\/systemhaus-rheine.de\/wp1\/tag\/service\/\" class=\"tag-cloud-link tag-link-34 tag-link-position-15\" aria-label=\"Service (7\u00a0Eintr\u00e4ge)\">Service<\/a>\n<a href=\"https:\/\/systemhaus-rheine.de\/wp1\/tag\/sicherheit\/\" class=\"tag-cloud-link tag-link-43 tag-link-position-16\" aria-label=\"Sicherheit (1\u00a0Eintrag)\">Sicherheit<\/a>\n<a href=\"https:\/\/systemhaus-rheine.de\/wp1\/tag\/software\/\" class=\"tag-cloud-link tag-link-39 tag-link-position-17\" aria-label=\"Software (4\u00a0Eintr\u00e4ge)\">Software<\/a>\n<a href=\"https:\/\/systemhaus-rheine.de\/wp1\/tag\/telefonie\/\" class=\"tag-cloud-link tag-link-46 tag-link-position-18\" aria-label=\"Telefonie (1\u00a0Eintrag)\">Telefonie<\/a>\n<a href=\"https:\/\/systemhaus-rheine.de\/wp1\/tag\/telekommunikation\/\" class=\"tag-cloud-link tag-link-40 tag-link-position-19\" aria-label=\"Telekommunikation (1\u00a0Eintrag)\">Telekommunikation<\/a>\n<a href=\"https:\/\/systemhaus-rheine.de\/wp1\/tag\/warenwirtschaft\/\" class=\"tag-cloud-link tag-link-47 tag-link-position-20\" aria-label=\"Warenwirtschaft (1\u00a0Eintrag)\">Warenwirtschaft<\/a>\n<a href=\"https:\/\/systemhaus-rheine.de\/wp1\/tag\/word-2016\/\" class=\"tag-cloud-link tag-link-70 tag-link-position-21\" aria-label=\"Word 2016 (1\u00a0Eintrag)\">Word 2016<\/a><\/div><\/div><\/div>\n<\/div><div class=\"fusion-clearfix\"><\/div><\/div><\/div><div class=\"fusion-layout-column fusion_builder_column fusion-builder-column-3 fusion_builder_column_1_1 1_1 fusion-one-full fusion-column-first fusion-column-last fusion-column-no-min-height\" style=\"--awb-bg-size:cover;--awb-margin-bottom:0px;\"><div class=\"fusion-column-wrapper fusion-flex-column-wrapper-legacy\"><div class=\"fusion-title title fusion-title-2 fusion-title-text fusion-title-size-two\" style=\"--awb-margin-top-small:10px;--awb-margin-right-small:0px;--awb-margin-bottom-small:10px;--awb-margin-left-small:0px;\"><h2 class=\"fusion-title-heading title-heading-left\" style=\"margin:0;\">InSystem bietet Ihnen Software nach Ihren Anforderungen &#8211; Kontaktieren Sie uns f\u00fcr weitere Informationen<\/h2><span class=\"awb-title-spacer\"><\/span><div class=\"title-sep-container\"><div class=\"title-sep sep-single sep-solid\" style=\"border-color:#e0dede;\"><\/div><\/div><\/div><div class=\"fusion-clearfix\"><\/div><\/div><\/div><div class=\"fusion-layout-column fusion_builder_column fusion-builder-column-4 fusion_builder_column_1_4 1_4 fusion-one-fourth fusion-column-first\" style=\"--awb-bg-size:cover;width:22%; margin-right: 4%;\"><div class=\"fusion-column-wrapper fusion-flex-column-wrapper-legacy\"><div class=\"fusion-text fusion-text-4\"><p><a href=\"http:\/\/www.systemhaus-rheine.de\/wp1\/wp-content\/uploads\/2015\/01\/Software-Programmierung-Quellcode-Systemhaus-940x600.jpg\" rel=\"prettyPhoto\"><img decoding=\"async\" src=\"http:\/\/www.systemhaus-rheine.de\/wp1\/wp-content\/uploads\/2015\/01\/Software-Programmierung-Quellcode-Systemhaus-940x600.jpg\" alt=\"image 1\" \/><\/a><\/p>\n<\/div><div class=\"fusion-clearfix\"><\/div><\/div><\/div><div class=\"fusion-layout-column fusion_builder_column fusion-builder-column-5 fusion_builder_column_1_4 1_4 fusion-one-fourth\" style=\"--awb-bg-size:cover;width:22%; margin-right: 4%;\"><div class=\"fusion-column-wrapper fusion-flex-column-wrapper-legacy\"><div class=\"fusion-text fusion-text-5\"><p><a href=\"http:\/\/www.systemhaus-rheine.de\/wp1\/wp-content\/uploads\/2015\/01\/Software-Entwicklung-Datenbank-Webserver-Firewall-940x600.jpg\" rel=\"prettyPhoto\"><img decoding=\"async\" src=\"http:\/\/www.systemhaus-rheine.de\/wp1\/wp-content\/uploads\/2015\/01\/Software-Entwicklung-Datenbank-Webserver-Firewall-940x600.jpg\" alt=\"image 1\" \/><\/a><\/p>\n<\/div><div class=\"fusion-clearfix\"><\/div><\/div><\/div><div class=\"fusion-layout-column fusion_builder_column fusion-builder-column-6 fusion_builder_column_1_4 1_4 fusion-one-fourth\" style=\"--awb-bg-size:cover;width:22%; margin-right: 4%;\"><div class=\"fusion-column-wrapper fusion-flex-column-wrapper-legacy\"><div class=\"fusion-text fusion-text-6\"><p><a href=\"http:\/\/www.systemhaus-rheine.de\/wp1\/wp-content\/uploads\/2015\/01\/Programmierung-Software-Laptop-Systemhaus-940x600.jpg\" rel=\"prettyPhoto\"><img decoding=\"async\" src=\"http:\/\/www.systemhaus-rheine.de\/wp1\/wp-content\/uploads\/2015\/01\/Programmierung-Software-Laptop-Systemhaus-940x600.jpg\" alt=\"image 1\" \/><\/a><\/p>\n<\/div><div class=\"fusion-clearfix\"><\/div><\/div><\/div><div class=\"fusion-layout-column fusion_builder_column fusion-builder-column-7 fusion_builder_column_1_4 1_4 fusion-one-fourth fusion-column-last\" style=\"--awb-bg-size:cover;width:22%;\"><div class=\"fusion-column-wrapper fusion-flex-column-wrapper-legacy\"><div class=\"fusion-text fusion-text-7\"><p><a href=\"http:\/\/www.systemhaus-rheine.de\/wp1\/wp-content\/uploads\/2015\/02\/Software-Steuer-Finanzen-Systemhaus-Rheine-940x600.jpg\" rel=\"prettyPhoto\"><img decoding=\"async\" src=\"http:\/\/www.systemhaus-rheine.de\/wp1\/wp-content\/uploads\/2015\/02\/Software-Steuer-Finanzen-Systemhaus-Rheine-940x600.jpg\" alt=\"image 1\" \/><\/a><\/p>\n<\/div><div class=\"fusion-clearfix\"><\/div><\/div><\/div><\/div><\/div>\n","protected":false},"excerpt":{"rendered":"","protected":false},"author":1,"featured_media":0,"parent":0,"menu_order":0,"comment_status":"open","ping_status":"closed","template":"","meta":{"footnotes":""},"categories":[],"tags":[39],"class_list":["post-11309","page","type-page","status-publish","hentry","tag-software"],"_links":{"self":[{"href":"https:\/\/systemhaus-rheine.de\/wp1\/wp-json\/wp\/v2\/pages\/11309","targetHints":{"allow":["GET"]}}],"collection":[{"href":"https:\/\/systemhaus-rheine.de\/wp1\/wp-json\/wp\/v2\/pages"}],"about":[{"href":"https:\/\/systemhaus-rheine.de\/wp1\/wp-json\/wp\/v2\/types\/page"}],"author":[{"embeddable":true,"href":"https:\/\/systemhaus-rheine.de\/wp1\/wp-json\/wp\/v2\/users\/1"}],"replies":[{"embeddable":true,"href":"https:\/\/systemhaus-rheine.de\/wp1\/wp-json\/wp\/v2\/comments?post=11309"}],"version-history":[{"count":2,"href":"https:\/\/systemhaus-rheine.de\/wp1\/wp-json\/wp\/v2\/pages\/11309\/revisions"}],"predecessor-version":[{"id":17381,"href":"https:\/\/systemhaus-rheine.de\/wp1\/wp-json\/wp\/v2\/pages\/11309\/revisions\/17381"}],"wp:attachment":[{"href":"https:\/\/systemhaus-rheine.de\/wp1\/wp-json\/wp\/v2\/media?parent=11309"}],"wp:term":[{"taxonomy":"category","embeddable":true,"href":"https:\/\/systemhaus-rheine.de\/wp1\/wp-json\/wp\/v2\/categories?post=11309"},{"taxonomy":"post_tag","embeddable":true,"href":"https:\/\/systemhaus-rheine.de\/wp1\/wp-json\/wp\/v2\/tags?post=11309"}],"curies":[{"name":"wp","href":"https:\/\/api.w.org\/{rel}","templated":true}]}}