{"id":11184,"date":"2014-12-17T16:44:52","date_gmt":"2014-12-17T14:44:52","guid":{"rendered":"http:\/\/www.systemhaus-rheine.de\/wp1\/?page_id=11184"},"modified":"2022-01-20T14:22:49","modified_gmt":"2022-01-20T13:22:49","slug":"drucker-kopiertechnik","status":"publish","type":"page","link":"https:\/\/systemhaus-rheine.de\/wp1\/hardware\/drucker-kopiertechnik\/","title":{"rendered":"Drucker und Kopiertechnik"},"content":{"rendered":"<div class=\"fusion-fullwidth fullwidth-box fusion-builder-row-1 hundred-percent-fullwidth non-hundred-percent-height-scrolling\" style=\"--awb-border-radius-top-left:0px;--awb-border-radius-top-right:0px;--awb-border-radius-bottom-right:0px;--awb-border-radius-bottom-left:0px;--awb-overflow:visible;--awb-flex-wrap:wrap;\" ><div class=\"fusion-builder-row fusion-row\"><div class=\"fusion-layout-column fusion_builder_column fusion-builder-column-0 fusion_builder_column_1_1 1_1 fusion-one-full fusion-column-first fusion-column-last fusion-column-no-min-height\" style=\"--awb-bg-size:cover;--awb-margin-bottom:0px;\"><div class=\"fusion-column-wrapper fusion-flex-column-wrapper-legacy\"><div class=\"fusion-slider-sc fusion-flexslider-loading flexslider flexslider-hover-type-none\" data-slideshow_autoplay=\"1\" data-slideshow_smooth_height=\"0\" data-slideshow_speed=\"7000\" style=\"max-width:100%;height:100%;\"><ul class=\"slides\"><li class=\"image\"><span class=\"fusion-image-hover-element hover-type-none\"><img decoding=\"async\" src=\"http:\/\/www.systemhaus-rheine.de\/wp1\/wp-content\/uploads\/2015\/01\/Kopierer-1024x320-1024x320.jpg\" \/><\/span><\/li><li class=\"image\"><span class=\"fusion-image-hover-element hover-type-none\"><img decoding=\"async\" src=\"http:\/\/www.systemhaus-rheine.de\/wp1\/wp-content\/uploads\/2015\/01\/Reparatur-Drucker-1024x320-1024x321.jpg\" \/><\/span><\/li><\/ul><\/div><div class=\"fusion-clearfix\"><\/div><\/div><\/div><div class=\"fusion-layout-column fusion_builder_column fusion-builder-column-1 fusion_builder_column_2_3 2_3 fusion-two-third fusion-column-first inhalt\" style=\"--awb-bg-size:cover;width:65.3333%; margin-right: 4%;\"><div class=\"fusion-column-wrapper fusion-flex-column-wrapper-legacy\"><div class=\"fusion-title title fusion-title-1 fusion-title-text fusion-title-size-one\" style=\"--awb-margin-top-small:10px;--awb-margin-right-small:0px;--awb-margin-bottom-small:10px;--awb-margin-left-small:0px;\"><h1 class=\"fusion-title-heading title-heading-left\" style=\"margin:0;\">Drucker und Kopiertechnik von InSystem<\/h1><span class=\"awb-title-spacer\"><\/span><div class=\"title-sep-container\"><div class=\"title-sep sep-double sep-solid\" style=\"border-color:#e0dede;\"><\/div><\/div><\/div><div class=\"fusion-text fusion-text-1\"><p>Das Drucken, Scannen, Faxen und Kopieren geh\u00f6rt zum B\u00fcroalltag in nahezu jedem Unternehmen. Damit Sie den\u00a0Drucker bekommen, den Sie ben\u00f6tigen, bieten wir Ihnen Ger\u00e4te dieser Hersteller an:<\/p>\n<table style=\"height: 167px;\" width=\"737\">\n<tbody>\n<tr>\n<td><a href=\"http:\/\/www.brother.de\/\"><img decoding=\"async\" class=\"alignnone wp-image-13076 size-full\" src=\"http:\/\/www.systemhaus-rheine.de\/wp1\/wp-content\/uploads\/2015\/02\/brother_logo.png\" alt=\"brother_logo\" width=\"200\" height=\"77\" \/><\/a><\/td>\n<td><a href=\"http:\/\/www.ricoh.de\/\"><img decoding=\"async\" class=\"alignnone wp-image-13075 size-full\" src=\"http:\/\/www.systemhaus-rheine.de\/wp1\/wp-content\/uploads\/2015\/02\/Ricoh.png\" alt=\"Ricoh\" width=\"200\" height=\"70\" \/><\/a><\/td>\n<td><a href=\"http:\/\/www.kyocera.de\/\"><img decoding=\"async\" class=\"alignnone wp-image-13073 size-full\" src=\"http:\/\/www.systemhaus-rheine.de\/wp1\/wp-content\/uploads\/2015\/02\/KYOCERA-logo.png\" alt=\"KYOCERA logo\" width=\"200\" height=\"66\" \/><\/a><\/td>\n<\/tr>\n<tr>\n<td><a href=\"http:\/\/www.lexmark.com\/de_de.html\"><img decoding=\"async\" class=\"alignnone wp-image-13074 size-full\" src=\"http:\/\/www.systemhaus-rheine.de\/wp1\/wp-content\/uploads\/2015\/02\/lexmark.png\" alt=\"lexmark\" width=\"200\" height=\"54\" \/><\/a><\/td>\n<td><a href=\"http:\/\/www8.hp.com\/de\/de\/home.html\"><img decoding=\"async\" class=\"alignnone wp-image-13072 size-full\" src=\"http:\/\/www.systemhaus-rheine.de\/wp1\/wp-content\/uploads\/2015\/02\/HP-Logo.png\" alt=\"HP Logo\" width=\"200\" height=\"38\" \/><\/a><\/td>\n<td><a href=\"http:\/\/www.canon.de\/\"><img decoding=\"async\" class=\"alignnone wp-image-13071 size-full\" src=\"http:\/\/www.systemhaus-rheine.de\/wp1\/wp-content\/uploads\/2015\/02\/Canon.png\" alt=\"Canon\" width=\"200\" height=\"43\" \/><\/a><\/td>\n<\/tr>\n<\/tbody>\n<\/table>\n<div class=\"fusion-sep-clear\"><\/div><div class=\"fusion-separator fusion-full-width-sep\" style=\"margin-left: auto;margin-right: auto;margin-top:10px;margin-bottom:10px;width:100%;\"><\/div><div class=\"fusion-sep-clear\"><\/div>\n<p>Unsere geschulten Techniker helfen Ihnen gerne bei der Auswahl geeigneter Drucker. Eine Analyse der bestehenden Drucker kann helfen, um Druckkosten zu sparen und Druckprozesse zu optimieren.<\/p>\n<h2>Reparatur von Druckern und B\u00fcroger\u00e4ten in eigener Werkstatt (nur Unternehmenskunden)<\/h2>\n<p>InSystem f\u00fchrt f\u00fcr Sie auf Wunsch auch die Wartung von Druckern, Scannern, Faxen oder Multifunktionsger\u00e4ten durch.<\/p>\n<p>Sollten Sie Probleme mit einem Ihrer Firmendrucker haben, bieten wir Ihnen an, das betreffende Ger\u00e4t zu pr\u00fcfen und dieses auch zu reparieren.<\/p>\n<h2>Verbrauchsmaterial f\u00fcr Ihren Drucker? Original vom Fachh\u00e4ndler!<\/h2>\n<p>Wir empfehlen und vertreiben ausschlie\u00dflich Originalmaterialien der jeweiligen Hersteller. F\u00fcr Anfragen und Informationsgespr\u00e4che stehen wir Ihnen gerne zur Verf\u00fcgung, <a href=\"http:\/\/www.systemhaus-rheine.de\/wp1\/ueber-uns\/kontakt\/\">sprechen Sie uns einfach an<\/a>!<\/p>\n<\/div><div class=\"fusion-sep-clear\"><\/div><div class=\"fusion-separator fusion-full-width-sep\" style=\"margin-left: auto;margin-right: auto;margin-top:10px;width:100%;\"><\/div><div class=\"fusion-sep-clear\"><\/div><div class=\"fusion-clearfix\"><\/div><\/div><\/div><div class=\"fusion-layout-column fusion_builder_column fusion-builder-column-2 fusion_builder_column_1_3 1_3 fusion-one-third fusion-column-last\" style=\"--awb-bg-size:cover;width:30.6666%;\"><div class=\"fusion-column-wrapper fusion-flex-column-wrapper-legacy\"><div class=\"fusion-text fusion-text-2\"><div class=\"su-box su-box-style-default\" id=\"\" style=\"border-color:#ae0000;border-radius:3px;max-width:none\"><div class=\"su-box-title\" style=\"background-color:#E11A2D;color:#FFFFFF;border-top-left-radius:1px;border-top-right-radius:1px\">IT-Tipps<\/div><div class=\"su-box-content su-u-clearfix su-u-trim\" style=\"border-bottom-left-radius:1px;border-bottom-right-radius:1px\"><div class=\"fusion-recent-posts fusion-recent-posts-1 avada-container layout-default layout-columns-1\"><section class=\"fusion-columns columns fusion-columns-1 columns-1\"><article class=\"post fusion-column column col col-lg-12 col-md-12 col-sm-12\"><div class=\"recent-posts-content\"><span class=\"vcard\" style=\"display: none;\"><span class=\"fn\"><a href=\"https:\/\/systemhaus-rheine.de\/wp1\/author\/wp_admin\/\" title=\"Beitr\u00e4ge von wp_admin\" rel=\"author\">wp_admin<\/a><\/span><\/span><span class=\"updated\" style=\"display:none;\">2023-04-15T16:47:48+02:00<\/span><h4 class=\"entry-title\"><a href=\"https:\/\/systemhaus-rheine.de\/wp1\/autonome-e-trucks-eine-transport-revolution\/\">Autonome E-Trucks \u2013 Eine Transport-Revolution?<\/a><\/h4><\/div><\/article><article class=\"post fusion-column column col col-lg-12 col-md-12 col-sm-12\"><div class=\"recent-posts-content\"><span class=\"vcard\" style=\"display: none;\"><span class=\"fn\"><a href=\"https:\/\/systemhaus-rheine.de\/wp1\/author\/wp_admin\/\" title=\"Beitr\u00e4ge von wp_admin\" rel=\"author\">wp_admin<\/a><\/span><\/span><span class=\"updated\" style=\"display:none;\">2023-04-15T16:55:34+02:00<\/span><h4 class=\"entry-title\"><a href=\"https:\/\/systemhaus-rheine.de\/wp1\/sind-windows-updates-wirklich-wichtig\/\">Sind Windows-Updates wirklich wichtig?<\/a><\/h4><\/div><\/article><article class=\"post fusion-column column col col-lg-12 col-md-12 col-sm-12\"><div class=\"recent-posts-content\"><span class=\"vcard\" style=\"display: none;\"><span class=\"fn\"><a href=\"https:\/\/systemhaus-rheine.de\/wp1\/author\/wp_admin\/\" title=\"Beitr\u00e4ge von wp_admin\" rel=\"author\">wp_admin<\/a><\/span><\/span><span class=\"updated\" style=\"display:none;\">2023-04-15T16:45:21+02:00<\/span><h4 class=\"entry-title\"><a href=\"https:\/\/systemhaus-rheine.de\/wp1\/wifi-6-was-bringt-der-neue-standard\/\">WiFi 6 \u2013 Was bringt der neue Standard?<\/a><\/h4><\/div><\/article><article class=\"post fusion-column column col col-lg-12 col-md-12 col-sm-12\"><div class=\"recent-posts-content\"><span class=\"vcard\" style=\"display: none;\"><span class=\"fn\"><a href=\"https:\/\/systemhaus-rheine.de\/wp1\/author\/wp_admin\/\" title=\"Beitr\u00e4ge von wp_admin\" rel=\"author\">wp_admin<\/a><\/span><\/span><span class=\"updated\" style=\"display:none;\">2023-04-15T16:42:13+02:00<\/span><h4 class=\"entry-title\"><a href=\"https:\/\/systemhaus-rheine.de\/wp1\/zwei-faktor-authentifizierung-was-hat-das-mit-it-sicherheit-zu-tun\/\">Zwei-Faktor-Authentifizierung, was hat das mit IT-Sicherheit zu tun?<\/a><\/h4><\/div><\/article><article class=\"post fusion-column column col col-lg-12 col-md-12 col-sm-12\"><div class=\"recent-posts-content\"><span class=\"vcard\" style=\"display: none;\"><span class=\"fn\"><a href=\"https:\/\/systemhaus-rheine.de\/wp1\/author\/wp_admin\/\" title=\"Beitr\u00e4ge von wp_admin\" rel=\"author\">wp_admin<\/a><\/span><\/span><span class=\"updated\" style=\"display:none;\">2022-09-26T14:53:34+02:00<\/span><h4 class=\"entry-title\"><a href=\"https:\/\/systemhaus-rheine.de\/wp1\/firefox-quantum-schneller-und-effizienter-arbeiten\/\">Firefox Quantum &#8211; schneller und effizienter arbeiten<\/a><\/h4><\/div><\/article><\/section><\/div><a href=\"http:\/\/www.systemhaus-rheine.de\/wp1\/insystem-blog\/\">mehr&#8230;<\/a><\/div><\/div>\n<\/div><div class=\"fusion-text fusion-text-3\"><div class=\"su-box su-box-style-default\" id=\"\" style=\"border-color:#ae0000;border-radius:3px;max-width:none\"><div class=\"su-box-title\" style=\"background-color:#E11A2D;color:#FFFFFF;border-top-left-radius:1px;border-top-right-radius:1px\">Links<\/div><div class=\"su-box-content su-u-clearfix su-u-trim\" style=\"border-bottom-left-radius:1px;border-bottom-right-radius:1px\"><style type=\"text\/css\">div#tagcloud { margin-bottom: 50px; width: 90%; margin-left: auto; margin-right: auto; text-align: center; }<\/style><div id=\"tagcloud\"><a href=\"https:\/\/systemhaus-rheine.de\/wp1\/tag\/archivierung\/\" class=\"tag-cloud-link tag-link-58 tag-link-position-1\" aria-label=\"Archivierung (2\u00a0Eintr\u00e4ge)\">Archivierung<\/a>\n<a href=\"https:\/\/systemhaus-rheine.de\/wp1\/tag\/belegvorerfassung\/\" class=\"tag-cloud-link tag-link-71 tag-link-position-2\" aria-label=\"Belegvorerfassung (3\u00a0Eintr\u00e4ge)\">Belegvorerfassung<\/a>\n<a href=\"https:\/\/systemhaus-rheine.de\/wp1\/tag\/drucker\/\" class=\"tag-cloud-link tag-link-41 tag-link-position-3\" aria-label=\"Drucker (1\u00a0Eintrag)\">Drucker<\/a>\n<a href=\"https:\/\/systemhaus-rheine.de\/wp1\/tag\/e-mail\/\" class=\"tag-cloud-link tag-link-42 tag-link-position-4\" aria-label=\"E-Mail (1\u00a0Eintrag)\">E-Mail<\/a>\n<a href=\"https:\/\/systemhaus-rheine.de\/wp1\/tag\/erp\/\" class=\"tag-cloud-link tag-link-48 tag-link-position-5\" aria-label=\"ERP (1\u00a0Eintrag)\">ERP<\/a>\n<a href=\"https:\/\/systemhaus-rheine.de\/wp1\/tag\/fax\/\" class=\"tag-cloud-link tag-link-45 tag-link-position-6\" aria-label=\"Fax (1\u00a0Eintrag)\">Fax<\/a>\n<a href=\"https:\/\/systemhaus-rheine.de\/wp1\/tag\/gastronomie\/\" class=\"tag-cloud-link tag-link-53 tag-link-position-7\" aria-label=\"Gastronomie (2\u00a0Eintr\u00e4ge)\">Gastronomie<\/a>\n<a href=\"https:\/\/systemhaus-rheine.de\/wp1\/tag\/hardware\/\" class=\"tag-cloud-link tag-link-55 tag-link-position-8\" aria-label=\"Hardware (3\u00a0Eintr\u00e4ge)\">Hardware<\/a>\n<a href=\"https:\/\/systemhaus-rheine.de\/wp1\/tag\/internet\/\" class=\"tag-cloud-link tag-link-37 tag-link-position-9\" aria-label=\"Internet (1\u00a0Eintrag)\">Internet<\/a>\n<a href=\"https:\/\/systemhaus-rheine.de\/wp1\/tag\/literaturverzeichnis\/\" class=\"tag-cloud-link tag-link-68 tag-link-position-10\" aria-label=\"Literaturverzeichnis (1\u00a0Eintrag)\">Literaturverzeichnis<\/a>\n<a href=\"https:\/\/systemhaus-rheine.de\/wp1\/tag\/netzwerk\/\" class=\"tag-cloud-link tag-link-57 tag-link-position-11\" aria-label=\"Netzwerk (1\u00a0Eintrag)\">Netzwerk<\/a>\n<a href=\"https:\/\/systemhaus-rheine.de\/wp1\/tag\/quellenangaben\/\" class=\"tag-cloud-link tag-link-69 tag-link-position-12\" aria-label=\"Quellenangaben (1\u00a0Eintrag)\">Quellenangaben<\/a>\n<a href=\"https:\/\/systemhaus-rheine.de\/wp1\/tag\/security\/\" class=\"tag-cloud-link tag-link-50 tag-link-position-13\" aria-label=\"Security (1\u00a0Eintrag)\">Security<\/a>\n<a href=\"https:\/\/systemhaus-rheine.de\/wp1\/tag\/server\/\" class=\"tag-cloud-link tag-link-38 tag-link-position-14\" aria-label=\"Server (2\u00a0Eintr\u00e4ge)\">Server<\/a>\n<a href=\"https:\/\/systemhaus-rheine.de\/wp1\/tag\/service\/\" class=\"tag-cloud-link tag-link-34 tag-link-position-15\" aria-label=\"Service (7\u00a0Eintr\u00e4ge)\">Service<\/a>\n<a href=\"https:\/\/systemhaus-rheine.de\/wp1\/tag\/sicherheit\/\" class=\"tag-cloud-link tag-link-43 tag-link-position-16\" aria-label=\"Sicherheit (1\u00a0Eintrag)\">Sicherheit<\/a>\n<a href=\"https:\/\/systemhaus-rheine.de\/wp1\/tag\/software\/\" class=\"tag-cloud-link tag-link-39 tag-link-position-17\" aria-label=\"Software (4\u00a0Eintr\u00e4ge)\">Software<\/a>\n<a href=\"https:\/\/systemhaus-rheine.de\/wp1\/tag\/telefonie\/\" class=\"tag-cloud-link tag-link-46 tag-link-position-18\" aria-label=\"Telefonie (1\u00a0Eintrag)\">Telefonie<\/a>\n<a href=\"https:\/\/systemhaus-rheine.de\/wp1\/tag\/telekommunikation\/\" class=\"tag-cloud-link tag-link-40 tag-link-position-19\" aria-label=\"Telekommunikation (1\u00a0Eintrag)\">Telekommunikation<\/a>\n<a href=\"https:\/\/systemhaus-rheine.de\/wp1\/tag\/warenwirtschaft\/\" class=\"tag-cloud-link tag-link-47 tag-link-position-20\" aria-label=\"Warenwirtschaft (1\u00a0Eintrag)\">Warenwirtschaft<\/a>\n<a href=\"https:\/\/systemhaus-rheine.de\/wp1\/tag\/word-2016\/\" class=\"tag-cloud-link tag-link-70 tag-link-position-21\" aria-label=\"Word 2016 (1\u00a0Eintrag)\">Word 2016<\/a><\/div><\/div><\/div>\n<\/div><div class=\"fusion-clearfix\"><\/div><\/div><\/div><div class=\"fusion-layout-column fusion_builder_column fusion-builder-column-3 fusion_builder_column_1_1 1_1 fusion-one-full fusion-column-first fusion-column-last fusion-column-no-min-height\" style=\"--awb-bg-size:cover;--awb-margin-bottom:0px;\"><div class=\"fusion-column-wrapper fusion-flex-column-wrapper-legacy\"><div class=\"fusion-title title fusion-title-2 fusion-title-text fusion-title-size-two\" style=\"--awb-margin-top-small:10px;--awb-margin-right-small:0px;--awb-margin-bottom-small:10px;--awb-margin-left-small:0px;\"><h2 class=\"fusion-title-heading title-heading-left\" style=\"margin:0;\">Toner, Verbrauchsmaterial, Wartung, Kauf- und Leihger\u00e4te vom Fachh\u00e4ndler<\/h2><span class=\"awb-title-spacer\"><\/span><div class=\"title-sep-container\"><div class=\"title-sep sep-single sep-solid\" style=\"border-color:#e0dede;\"><\/div><\/div><\/div><div class=\"fusion-clearfix\"><\/div><\/div><\/div><div class=\"fusion-layout-column fusion_builder_column fusion-builder-column-4 fusion_builder_column_1_4 1_4 fusion-one-fourth fusion-column-first\" style=\"--awb-bg-size:cover;width:22%; margin-right: 4%;\"><div class=\"fusion-column-wrapper fusion-flex-column-wrapper-legacy\"><div class=\"fusion-text fusion-text-4\"><p><a href=\"http:\/\/www.systemhaus-rheine.de\/wp1\/wp-content\/uploads\/2015\/01\/Druck-und-Kopiertechnik-940x600.jpg\" rel=\"prettyPhoto\"><img decoding=\"async\" class=\"alignnone\" src=\"http:\/\/www.systemhaus-rheine.de\/wp1\/wp-content\/uploads\/2015\/01\/Druck-und-Kopiertechnik-940x600.jpg\" alt=\"Farbdrucker Gro\u00dfformat\" width=\"940\" height=\"600\" \/><\/a><\/p>\n<\/div><div class=\"fusion-clearfix\"><\/div><\/div><\/div><div class=\"fusion-layout-column fusion_builder_column fusion-builder-column-5 fusion_builder_column_1_4 1_4 fusion-one-fourth\" style=\"--awb-bg-size:cover;width:22%; margin-right: 4%;\"><div class=\"fusion-column-wrapper fusion-flex-column-wrapper-legacy\"><div class=\"fusion-text fusion-text-5\"><p><a href=\"http:\/\/www.systemhaus-rheine.de\/wp1\/wp-content\/uploads\/2015\/01\/Toner-Laserdrucker-940x600.jpg\" rel=\"prettyPhoto\"><img decoding=\"async\" class=\"alignnone\" src=\"http:\/\/www.systemhaus-rheine.de\/wp1\/wp-content\/uploads\/2015\/01\/Toner-Laserdrucker-940x600.jpg\" alt=\"Laserdrucker Toner Farbdrucker\" width=\"940\" height=\"600\" \/><\/a><\/p>\n<\/div><div class=\"fusion-clearfix\"><\/div><\/div><\/div><div class=\"fusion-layout-column fusion_builder_column fusion-builder-column-6 fusion_builder_column_1_4 1_4 fusion-one-fourth\" style=\"--awb-bg-size:cover;width:22%; margin-right: 4%;\"><div class=\"fusion-column-wrapper fusion-flex-column-wrapper-legacy\"><div class=\"fusion-text fusion-text-6\"><p><a href=\"http:\/\/www.systemhaus-rheine.de\/wp1\/wp-content\/uploads\/2015\/01\/Drucker-940x600.jpg\" rel=\"prettyPhoto\"><img decoding=\"async\" class=\"alignnone\" src=\"http:\/\/www.systemhaus-rheine.de\/wp1\/wp-content\/uploads\/2015\/01\/Drucker-940x600.jpg\" alt=\"Drucker Wartung, Reparatur, Laserdrucker\" width=\"940\" height=\"600\" \/><\/a><\/p>\n<\/div><div class=\"fusion-clearfix\"><\/div><\/div><\/div><div class=\"fusion-layout-column fusion_builder_column fusion-builder-column-7 fusion_builder_column_1_4 1_4 fusion-one-fourth fusion-column-last\" style=\"--awb-bg-size:cover;width:22%;\"><div class=\"fusion-column-wrapper fusion-flex-column-wrapper-legacy\"><div class=\"fusion-text fusion-text-7\"><p><a href=\"http:\/\/www.systemhaus-rheine.de\/wp1\/wp-content\/uploads\/2015\/01\/Drucker-Kopierer-Kassette-960x600.jpg\" rel=\"prettyPhoto\"><img decoding=\"async\" class=\"alignnone\" src=\"http:\/\/www.systemhaus-rheine.de\/wp1\/wp-content\/uploads\/2015\/01\/Drucker-Kopierer-Kassette-960x600.jpg\" alt=\"Kopierer B\u00fcroger\u00e4te Papierkassette\" width=\"940\" height=\"600\" \/><\/a><\/p>\n<\/div><div class=\"fusion-clearfix\"><\/div><\/div><\/div><\/div><\/div>\n","protected":false},"excerpt":{"rendered":"","protected":false},"author":1,"featured_media":0,"parent":11307,"menu_order":0,"comment_status":"open","ping_status":"closed","template":"","meta":{"footnotes":""},"categories":[],"tags":[41,55],"class_list":["post-11184","page","type-page","status-publish","hentry","tag-drucker","tag-hardware"],"_links":{"self":[{"href":"https:\/\/systemhaus-rheine.de\/wp1\/wp-json\/wp\/v2\/pages\/11184","targetHints":{"allow":["GET"]}}],"collection":[{"href":"https:\/\/systemhaus-rheine.de\/wp1\/wp-json\/wp\/v2\/pages"}],"about":[{"href":"https:\/\/systemhaus-rheine.de\/wp1\/wp-json\/wp\/v2\/types\/page"}],"author":[{"embeddable":true,"href":"https:\/\/systemhaus-rheine.de\/wp1\/wp-json\/wp\/v2\/users\/1"}],"replies":[{"embeddable":true,"href":"https:\/\/systemhaus-rheine.de\/wp1\/wp-json\/wp\/v2\/comments?post=11184"}],"version-history":[{"count":1,"href":"https:\/\/systemhaus-rheine.de\/wp1\/wp-json\/wp\/v2\/pages\/11184\/revisions"}],"predecessor-version":[{"id":17690,"href":"https:\/\/systemhaus-rheine.de\/wp1\/wp-json\/wp\/v2\/pages\/11184\/revisions\/17690"}],"up":[{"embeddable":true,"href":"https:\/\/systemhaus-rheine.de\/wp1\/wp-json\/wp\/v2\/pages\/11307"}],"wp:attachment":[{"href":"https:\/\/systemhaus-rheine.de\/wp1\/wp-json\/wp\/v2\/media?parent=11184"}],"wp:term":[{"taxonomy":"category","embeddable":true,"href":"https:\/\/systemhaus-rheine.de\/wp1\/wp-json\/wp\/v2\/categories?post=11184"},{"taxonomy":"post_tag","embeddable":true,"href":"https:\/\/systemhaus-rheine.de\/wp1\/wp-json\/wp\/v2\/tags?post=11184"}],"curies":[{"name":"wp","href":"https:\/\/api.w.org\/{rel}","templated":true}]}}